{"id":631,"date":"2024-10-10T08:09:27","date_gmt":"2024-10-10T08:09:27","guid":{"rendered":"https:\/\/die-schulhelfer.de\/?page_id=631"},"modified":"2026-02-23T13:35:57","modified_gmt":"2026-02-23T13:35:57","slug":"home","status":"publish","type":"page","link":"https:\/\/die-schulhelfer.de\/tr\/","title":{"rendered":"Ev"},"content":{"rendered":"<p><\/p>\n\n\n\n<section class=\"section-c09cc55 cc-sct\">\n<div class=\"container-c9d7dc8 cc-cntr\">\n<div class=\"columns-c950211\">\n<div class=\"column-c8f5ca7 cc-clmn\">\n<h1 class=\"heading-ccc504e bg-span\">G\u00fcvenilir \u00e7ocuk ve gen\u00e7lik yard\u0131m kurulu\u015funuz <\/h1>\n\n\n\n<h2 class=\"heading-c1de484 alignleft bg-span\">Sizin i\u00e7in yeni s\u0131n\u0131rlar<span class=\"cc-span ccz8z3o\">Beceriler.<\/span> <\/h2>\n\n\n\n<p><strong>G\u00fcnl\u00fck okul ve kre\u015f ya\u015fam\u0131n\u0131 desteklemek i\u00e7in nitelikli okul deste\u011fi ve bireysel destek.<\/strong><\/p>\n\n\n\n<div class=\"div-c43e090\">\n<a class=\"button-c838e64x button-c3908ec btn-1 cc-btn\" href=\"\/tr\/sorusturma\/\">Okul deste\u011fi talep edin<\/a>\n\n\n\n<a class=\"button-c548228 button-c3908ec btn-1 cc-btn\" href=\"\/tr\/simdi-basvurun\/\">\u015eimdi ba\u015fvurun<\/a>\n<\/div>\n<\/div>\n\n\n\n<div class=\"column-c65fa07 cc-clmn\">\n<div id=\"video-c7360c3\" class=\"video-cf20238 cc-vid\"><video id=\"video-c7360c3-videoe-local\" src=\"https:\/\/die-schulhelfer.de\/wp-content\/uploads\/2024\/10\/iStock-1067369804.mp4\" autoplay data-autoplay=\"\" data-muted=\"muted\" muted loop playsinline>\u00dczg\u00fcn\u00fcz, taray\u0131c\u0131n\u0131z g\u00f6m\u00fcl\u00fc videolar\u0131 desteklemiyor.<\/video><\/div>\n\n\n\n<div class=\"div-c27e6be\">\n<div class=\"div-cdaefd6\">\n<div class=\"div-c3c9ef2\"><\/div>\n\n\n\n<div class=\"div-ce9b620 div-c3c9ef2\"><\/div>\n<\/div>\n<\/div>\n<\/div>\n<\/div>\n<\/div>\n<\/section>\n\n\n\n<section class=\"section-cfe492f section-c09cc55 cc-sct\">\n<div class=\"container-c47ba97 cc-cntr\">\n<p class=\"paragraph-cad6aea\">Hakk\u0131m\u0131zda<\/p>\n\n\n\n<h2 class=\"heading-cdbda2a\">\u00c7ocu\u011funuza olan ba\u011fl\u0131l\u0131\u011f\u0131m\u0131z  <\/h2>\n\n\n\n<p class=\"paragraph-cd26b37\">Engelli \u00e7ocuklar ve gen\u00e7ler, kendi ihtiya\u00e7lar\u0131, istekleri, yetenekleri ve gelece\u011fe y\u00f6nelik planlar\u0131 olan benzersiz bireylerdir. Onlar\u0131n \u00f6zel niteliklerinin tan\u0131nmas\u0131 ve toplumumuzdaki di\u011fer t\u00fcm insanlarla ayn\u0131 kat\u0131l\u0131m ve e\u011fitim f\u0131rsat ve olanaklar\u0131n\u0131n onlara da sunulmas\u0131 \u00f6nemlidir. Sosyal stat\u00fcleri, k\u00fclt\u00fcrel veya dini aidiyetleri ne olursa olsun, tam potansiyellerini ger\u00e7ekle\u015ftirebilmeleri i\u00e7in e\u015fit muameleyi ve hedefe y\u00f6nelik deste\u011fi hak etmektedirler. <\/p>\n\n\n\n<p>Sizin i\u00e7in bunu yapmaya kararl\u0131y\u0131z.<\/p>\n\n\n\n<a class=\"button-c3908ec cc-btn\" href=\"https:\/\/die-schulhelfer.de\/tr\/leitbild\/\">daha fazla \u00f6\u011fren<\/a>\n<\/div>\n<\/section>\n\n\n\n<section class=\"section-cb7e241 section-c09cc55 cc-sct\">\n<div class=\"container-c9c3fa3 cc-cntr\">\n<div class=\"columns-c297b6e\">\n<div class=\"column-cc21d2f cc-clmn\">\n<div class=\"div-c5081a8\">\n<div class=\"div-c3e1333\">\n<div class=\"div-c05b0b8\"><\/div>\n\n\n\n<div class=\"div-cf10036 div-c3c9ef2\"><\/div>\n<\/div>\n<\/div>\n\n\n\n<img loading=\"lazy\" decoding=\"async\" class=\"image-c4c7362 cc-img\" src=\"https:\/\/die-schulhelfer.de\/wp-content\/uploads\/2024\/10\/iStock-1413479085.jpg\" srcset=\"https:\/\/die-schulhelfer.de\/wp-content\/uploads\/2024\/10\/iStock-1413479085.jpg 509w, https:\/\/die-schulhelfer.de\/wp-content\/uploads\/2024\/10\/iStock-1413479085-300x200.jpg 300w\" sizes=\"auto, (max-width: 509px) 100vw, 509px\" width=\"509\" height=\"339\" alt=\"\"\/>\n<\/div>\n\n\n\n<div class=\"column-cf41ef4 cc-clmn\">\n<h3 class=\"heading-c327875\">Nedir bu? <span class=\"cc-span cc20u2s\">Okul deste\u011fi<\/span>?<\/h3>\n\n\n\n<p class=\"paragraph-c715046\">Okul deste\u011fi, okul ba\u011flam\u0131nda engelli \u00e7ocuklara y\u00f6nelik bir destek program\u0131d\u0131r. Entegrasyon asistanlar\u0131, okul asistanlar\u0131 veya bireysel refakat\u00e7iler olarak da bilinen okul refakat\u00e7ileri, bu \u00e7ocuklara g\u00fcnl\u00fck okul ya\u015famlar\u0131nda e\u015flik eder ve onlar\u0131 bireysel olarak ve ihtiya\u00e7lar\u0131na g\u00f6re destekler. Baz\u0131 durumlarda, okul refakat\u00e7ileri bir \u00f6\u011frenciyle bire bir \u00e7al\u0131\u015fan e\u011fitimli uzmanlard\u0131r.<\/p>\n\n\n\n<div class=\"cc-cntr\">\n<div id=\"accordion-c547b4a\" class=\"cc-accordion-hidden cc-acd\" data-cc-accordion=\"true\">\n<button id=\"accordionheader-c30b884\" data-cc-accordion-header=\"true\" aria-expanded=\"false\">\n<div class=\"button-c3908ec cc-btn\">daha fazla \u00f6\u011fren<\/div>\n<\/button>\n\n\n\n<div class=\"cc-acdc\" data-cc-accordion-content=\"true\">\n<p>Okul dan\u0131\u015fmanl\u0131k hizmetlerimiz, di\u011fer \u015feylerin yan\u0131 s\u0131ra \u015funlar\u0131 i\u00e7erir<br><br>- S\u0131n\u0131f arkada\u015flar\u0131 ve okul ile etkile\u015fim<br>- Molalar s\u0131ras\u0131nda e\u015flik<br>- Yanl\u0131\u015f anlamalar\u0131 \u00f6nleme ve \u00e7at\u0131\u015fmalara arac\u0131l\u0131k etme<br>- Okul faaliyetlerine kat\u0131l\u0131m\u0131n sa\u011flanmas\u0131<br>- Temas korkusunun azalt\u0131lmas\u0131<br>- Hareketlili\u011fin desteklenmesi (\u00f6rn. tuvalete giderken, el y\u0131karken, \u00f6\u011fle yeme\u011finde e\u015flik edilmesi)<br>- \u00d6\u011fretmenlerle koordinasyon<br>- Yap\u0131land\u0131rma ve oryantasyon yard\u0131mlar\u0131n\u0131n sa\u011flanmas\u0131<br>- Yard\u0131mc\u0131 ara\u00e7lar\u0131n kullan\u0131m\u0131 ile ilgili destek<br>- Gerekirse zaman a\u015f\u0131mlar\u0131n\u0131 etkinle\u015ftirin<br><br><strong>Amac\u0131m\u0131z, \u00e7ocu\u011funuza m\u00fcmk\u00fcn olan en iyi deste\u011fi sunmak ve okul ortam\u0131nda bireysel ihtiya\u00e7lar\u0131n\u0131 g\u00f6z \u00f6n\u00fcnde bulundurmakt\u0131r.<\/strong><\/p>\n<\/div>\n<\/div>\n<\/div>\n<\/div>\n<\/div>\n<\/div>\n<\/section>\n\n\n\n<section class=\"section-c920988 section-c09cc55 cc-sct\">\n<div class=\"container-c1ab365 cc-cntr\">\n<div class=\"columns-c1b2f64 columns-c297b6e\">\n<div class=\"column-c6effb6 column-cf41ef4 cc-clmn\">\n<h3 class=\"heading-c6918d2 heading-c327875\">Nedir bu? <span class=\"cc-span cc20u2s\">Bireysel destek<\/span>? <\/h3>\n\n\n\n<p class=\"paragraph-c715046\">Bireysel destek veya KiTa deste\u011fi, kre\u015fler, anaokullar\u0131, okul sonras\u0131 bak\u0131m merkezleri, okul \u00f6ncesi e\u011fitim kurumlar\u0131 (SVE) ve iyile\u015ftirici e\u011fitim g\u00fcnd\u00fcz merkezleri (HPT) gibi g\u00fcnd\u00fcz bak\u0131m merkezlerinde engelli \u00e7ocuklar i\u00e7in ek destek anlam\u0131na gelir. Bu ba\u011flamda bireysel refakat\u00e7i olarak adland\u0131r\u0131lan refakat\u00e7i ki\u015filer, bu \u00e7ocuklar\u0131n merkezdeki faaliyetlere ve g\u00fcnl\u00fck ya\u015fama kat\u0131labilmelerini sa\u011flamaya yard\u0131mc\u0131 olur.<\/p>\n\n\n\n<div class=\"cc-cntr\">\n<div id=\"accordion-c46f7d4\" class=\"cc-accordion-hidden cc-acd\" data-cc-accordion=\"true\">\n<button id=\"accordionheader-ca4dfdc\" data-cc-accordion-header=\"true\" aria-expanded=\"false\">\n<div class=\"button-c3908ec cc-btn\">daha fazla \u00f6\u011fren<\/div>\n<\/button>\n\n\n\n<div class=\"cc-acdc\" data-cc-accordion-content=\"true\">\n<p class=\"paragraph-c27da5e\">\u00c7ocuklara yemek yeme, alt de\u011fi\u015ftirme ve tuvalete gitme gibi pratik g\u00f6revlerde yard\u0131mc\u0131 olurlar. Ayr\u0131ca \u00e7ocu\u011fun bina i\u00e7inde yolunu bulmas\u0131na da yard\u0131mc\u0131 olurlar. Refakat\u00e7inin tam nitelikleri \u00e7ocu\u011fun bireysel ihtiya\u00e7lar\u0131na g\u00f6re belirlenir.<br><br>Bireysel destek\/g\u00fcnd\u00fcz bak\u0131m merkezi deste\u011fi alan\u0131ndaki hizmetlerimiz \u015funlard\u0131r<br><br>- Ba\u011f\u0131ms\u0131zl\u0131k i\u00e7in rehberlik ve destek<br>- Yemek yeme, alt de\u011fi\u015ftirme ve tuvalet gibi pratik ya\u015fam g\u00f6revlerinde yard\u0131m<br>- Rollator, tekerlekli sandalye veya y\u00fcr\u00fcme yard\u0131mc\u0131lar\u0131 gibi yard\u0131mc\u0131lar\u0131n kullan\u0131m\u0131nda yard\u0131m<br>- Bina i\u00e7inde oryantasyon deste\u011fi<br>- Kriz durumlar\u0131nda yard\u0131m<br>- Sosyal temaslar\u0131 te\u015fvik ve organize etmek<br>- G\u00fcnd\u00fcz merkezi saatleri, teneff\u00fcsler, geziler ve okul gezileri gibi bo\u015f zaman etkinlikleri s\u0131ras\u0131nda g\u00f6zetim<br>- Oyun ve \u00f6\u011frenme i\u00e7eri\u011finin hayata ge\u00e7irilmesinde destek<br><br><strong>Amac\u0131m\u0131z, \u00e7ocu\u011funuza m\u00fcmk\u00fcn olan en iyi deste\u011fi sunmak ve kre\u015fte bireysel ihtiya\u00e7lar\u0131n\u0131 dikkate almakt\u0131r.<\/strong><\/p>\n<\/div>\n<\/div>\n<\/div>\n<\/div>\n\n\n\n<div class=\"column-cc21d2f cc-clmn\">\n<img loading=\"lazy\" decoding=\"async\" class=\"image-ca673cf cc-img\" src=\"https:\/\/die-schulhelfer.de\/wp-content\/uploads\/2024\/10\/iStock-875610094.jpg\" srcset=\"https:\/\/die-schulhelfer.de\/wp-content\/uploads\/2024\/10\/iStock-875610094.jpg 508w, https:\/\/die-schulhelfer.de\/wp-content\/uploads\/2024\/10\/iStock-875610094-300x200.jpg 300w\" sizes=\"auto, (max-width: 508px) 100vw, 508px\" width=\"508\" height=\"339\" alt=\"\"\/>\n\n\n\n<div class=\"div-c8ff20c\">\n<div class=\"div-c1ae0fd\">\n<div class=\"div-c84ee59\"><\/div>\n\n\n\n<div class=\"div-ccf965d div-c3c9ef2\"><\/div>\n<\/div>\n<\/div>\n<\/div>\n<\/div>\n<\/div>\n<\/section>\n\n\n\n<section class=\"section-c09cc55 section-cfe492f cc-sct\">\n<div class=\"container-ca2c808 cc-cntr\">\n<div class=\"div-c540938\">\n<h2 class=\"heading-c9c5555\">Bizimle ileti\u015fime ge\u00e7in! <\/h2>\n\n\n\n<p class=\"paragraph-c443fb0\">Sizden haber bekliyoruz.<\/p>\n\n\n\n<div class=\"container-c07a7e8 cc-cntr\">\n<a class=\"button-c8c4c81 cc-btn\" href=\"https:\/\/die-schulhelfer.de\/tr\/simdi-basvurun\/\">\u015eimdi ba\u015fvurun<\/a>\n\n\n\n<a class=\"button-cca601c button-c3908ec btn-1 cc-btn\" href=\"\/tr\/sorusturma\/\">Okul deste\u011fi talep edin<\/a>\n\n\n\n<a class=\"button-c91ef43 button-c3908ec btn-1 cc-btn\" href=\"https:\/\/die-schulhelfer.de\/tr\/kontakt-only\/\">Bize ula\u015f\u0131n<\/a>\n<\/div>\n<\/div>\n<\/div>\n<\/section>","protected":false},"excerpt":{"rendered":"","protected":false},"author":1,"featured_media":0,"parent":0,"menu_order":0,"comment_status":"closed","ping_status":"closed","template":"","meta":{"_acf_changed":false,"footnotes":""},"class_list":["post-631","page","type-page","status-publish","hentry"],"acf":[],"_links":{"self":[{"href":"https:\/\/die-schulhelfer.de\/tr\/wp-json\/wp\/v2\/pages\/631","targetHints":{"allow":["GET"]}}],"collection":[{"href":"https:\/\/die-schulhelfer.de\/tr\/wp-json\/wp\/v2\/pages"}],"about":[{"href":"https:\/\/die-schulhelfer.de\/tr\/wp-json\/wp\/v2\/types\/page"}],"author":[{"embeddable":true,"href":"https:\/\/die-schulhelfer.de\/tr\/wp-json\/wp\/v2\/users\/1"}],"replies":[{"embeddable":true,"href":"https:\/\/die-schulhelfer.de\/tr\/wp-json\/wp\/v2\/comments?post=631"}],"version-history":[{"count":54,"href":"https:\/\/die-schulhelfer.de\/tr\/wp-json\/wp\/v2\/pages\/631\/revisions"}],"predecessor-version":[{"id":1045,"href":"https:\/\/die-schulhelfer.de\/tr\/wp-json\/wp\/v2\/pages\/631\/revisions\/1045"}],"wp:attachment":[{"href":"https:\/\/die-schulhelfer.de\/tr\/wp-json\/wp\/v2\/media?parent=631"}],"curies":[{"name":"wp","href":"https:\/\/api.w.org\/{rel}","templated":true}]}}