{"id":380,"date":"2023-10-24T07:57:04","date_gmt":"2023-10-24T07:57:04","guid":{"rendered":"https:\/\/die-schulhelfer.de\/?page_id=380"},"modified":"2024-03-28T07:49:10","modified_gmt":"2024-03-28T07:49:10","slug":"genel-bi%cc%87lgi%cc%87ler","status":"publish","type":"page","link":"https:\/\/die-schulhelfer.de\/tr\/allgemeine-infos\/","title":{"rendered":"Genel bilgi"},"content":{"rendered":"<section class=\"section-c09cc55 cc-sct\">\n<div class=\"container-c9d7dc8 cc-cntr\">\n<div class=\"columns-c950211\">\n<div class=\"column-c8f5ca7 cc-clmn\">\n<h1 class=\"heading-ccc504e bg-span\">Genel <span class=\"cc-span ccz8z3o\">Bilgi<\/span> konuya<\/h1>\n\n\n\n<p>Toplumumuz ve e\u011fitim sistemimiz, zihinsel, fiziksel veya psikolojik engellilik te\u015fhisi konmu\u015f \u00e7ocuk ve gen\u00e7lerin g\u00fcnl\u00fck ya\u015famda destek almalar\u0131n\u0131 m\u00fcmk\u00fcn k\u0131lmaktad\u0131r.<\/p>\n\n\n\n<p><br>Bu, etkilenen \u00e7ocuklar\u0131n ve gen\u00e7lerin derslere daha iyi kat\u0131lmalar\u0131n\u0131, daha iyi \u00f6\u011frenmelerini, topluma daha iyi entegre olmalar\u0131n\u0131 ve b\u00f6ylece tam potansiyellerini ger\u00e7ekle\u015ftirmelerini sa\u011flar.<\/p>\n<\/div>\n\n\n\n<div class=\"column-c65fa07 cc-clmn\">\n<img loading=\"lazy\" decoding=\"async\" class=\"image-c3818d2 cc-img\" src=\"http:\/\/die-schulhelfer.de\/wp-content\/uploads\/2023\/10\/iStock-1054930666.jpg\" srcset=\"https:\/\/die-schulhelfer.de\/wp-content\/uploads\/2023\/10\/iStock-1054930666.jpg 1797w, https:\/\/die-schulhelfer.de\/wp-content\/uploads\/2023\/10\/iStock-1054930666-300x200.jpg 300w, https:\/\/die-schulhelfer.de\/wp-content\/uploads\/2023\/10\/iStock-1054930666-1024x684.jpg 1024w, https:\/\/die-schulhelfer.de\/wp-content\/uploads\/2023\/10\/iStock-1054930666-768x513.jpg 768w, https:\/\/die-schulhelfer.de\/wp-content\/uploads\/2023\/10\/iStock-1054930666-1536x1026.jpg 1536w, https:\/\/die-schulhelfer.de\/wp-content\/uploads\/2023\/10\/iStock-1054930666-2048x1368.jpg 1796w\" sizes=\"auto, (max-width: 1797px) 100vw, 1797px\" width=\"1797\" height=\"1200\" alt=\"Okul dan\u0131\u015fmanl\u0131\u011f\u0131 M\u00fcnih\"\/>\n\n\n\n<div class=\"div-c27e6be\">\n<div class=\"div-cdaefd6\">\n<div class=\"div-c3c9ef2\"><\/div>\n\n\n\n<div class=\"div-ce9b620 div-c3c9ef2\"><\/div>\n<\/div>\n<\/div>\n<\/div>\n<\/div>\n<\/div>\n<\/section>\n\n\n\n<section class=\"section-c2e0304 cc-sct\">\n<div class=\"cc-cntr\">\n<p>Ki\u015fisel okul yard\u0131mc\u0131n\u0131z, okul veya bireysel refakat\u00e7i olarak \u00e7ocu\u011funuza g\u00fcnl\u00fck ya\u015fam\u0131nda e\u015flik eder.  Biz okul yard\u0131mc\u0131lar\u0131, \u00e7ocu\u011funuz i\u00e7in do\u011fru okulu veya bireysel refakat\u00e7iyi bulaca\u011f\u0131z. Siz ve \u00e7ocu\u011funuzla ilgili kapsaml\u0131 ve optimum haz\u0131rl\u0131k en \u00f6nemli \u00f6nceli\u011fimizdir.<\/p>\n\n\n\n<p>Ba\u015fvuru s\u00fcreci hakk\u0131nda size tavsiyelerde bulunmaktan memnuniyet duyar\u0131z.<\/p>\n\n\n\n<div class=\"div-c43e090\">\n<a class=\"button-c0b7f89 cc-btn\" href=\"https:\/\/die-schulhelfer.de\/tr\/kontakt-only\/\">Bize ula\u015f\u0131n<\/a>\n<\/div>\n<\/div>\n<\/section>","protected":false},"excerpt":{"rendered":"","protected":false},"author":1,"featured_media":0,"parent":0,"menu_order":0,"comment_status":"closed","ping_status":"closed","template":"","meta":{"_acf_changed":false,"footnotes":""},"class_list":["post-380","page","type-page","status-publish","hentry"],"acf":[],"_links":{"self":[{"href":"https:\/\/die-schulhelfer.de\/tr\/wp-json\/wp\/v2\/pages\/380","targetHints":{"allow":["GET"]}}],"collection":[{"href":"https:\/\/die-schulhelfer.de\/tr\/wp-json\/wp\/v2\/pages"}],"about":[{"href":"https:\/\/die-schulhelfer.de\/tr\/wp-json\/wp\/v2\/types\/page"}],"author":[{"embeddable":true,"href":"https:\/\/die-schulhelfer.de\/tr\/wp-json\/wp\/v2\/users\/1"}],"replies":[{"embeddable":true,"href":"https:\/\/die-schulhelfer.de\/tr\/wp-json\/wp\/v2\/comments?post=380"}],"version-history":[{"count":2,"href":"https:\/\/die-schulhelfer.de\/tr\/wp-json\/wp\/v2\/pages\/380\/revisions"}],"predecessor-version":[{"id":386,"href":"https:\/\/die-schulhelfer.de\/tr\/wp-json\/wp\/v2\/pages\/380\/revisions\/386"}],"wp:attachment":[{"href":"https:\/\/die-schulhelfer.de\/tr\/wp-json\/wp\/v2\/media?parent=380"}],"curies":[{"name":"wp","href":"https:\/\/api.w.org\/{rel}","templated":true}]}}