{"id":314,"date":"2023-10-20T13:07:00","date_gmt":"2023-10-20T13:07:00","guid":{"rendered":"https:\/\/die-schulhelfer.de\/?page_id=314"},"modified":"2026-03-30T09:26:50","modified_gmt":"2026-03-30T09:26:50","slug":"takim","status":"publish","type":"page","link":"https:\/\/die-schulhelfer.de\/tr\/team\/","title":{"rendered":"Tak\u0131m"},"content":{"rendered":"<section class=\"section-c09cc55 cc-sct\">\n<div class=\"container-c9d7dc8 cc-cntr\">\n<h1 class=\"heading-ccc504e bg-span\">Bizim <span class=\"cc-span ccz8z3o\">Tak\u0131m<\/span> kendini tan\u0131t\u0131yor.<\/h1>\n\n\n\n<div class=\"container-c3159fa cc-cntr\">\n<div class=\"cc-cntr\">\n<p>Bizler de okul dan\u0131\u015fmanlar\u0131n\u0131n yard\u0131m\u0131na muhta\u00e7 olan \u00e7ocuklar\u0131n etkilenmi\u015f ebeveynleriyiz.<\/p>\n\n\n\n<p>Amac\u0131m\u0131z, \u00f6zel ihtiya\u00e7lar\u0131 olan \u00e7ocuklara bireyselle\u015ftirilmi\u015f, y\u00fcksek kaliteli okul deste\u011fi sa\u011flamakt\u0131r.<\/p>\n\n\n\n<p>Kendimizi ebeveynler, \u00f6\u011fretmenler ve terapistler i\u00e7in bir ortak olarak g\u00f6r\u00fcyor ve \u00e7ocuk i\u00e7in m\u00fcmk\u00fcn olan en iyi deste\u011fi sa\u011flamak i\u00e7in onlarla yak\u0131n bir \u015fekilde \u00e7al\u0131\u015f\u0131yoruz.<\/p>\n\n\n\n<p>Ekibimiz, kapsaml\u0131 pedagojik bilgi ve deneyime sahip, empatik ve kararl\u0131 okul dan\u0131\u015fmanlar\u0131ndan olu\u015fmaktad\u0131r. \u00c7al\u0131\u015fmalar\u0131m\u0131z\u0131 g\u00fcncel tutmak ve s\u00fcrekli geli\u015ftirmek i\u00e7in \u00e7ocuk psikologlar\u0131, otizm uzmanlar\u0131 ve nitelikli \u00f6\u011fretmenlerden olu\u015fan ekip \u00fcyelerimiz taraf\u0131ndan d\u00fczenli e\u011fitim ve s\u00fcpervizyona b\u00fcy\u00fck \u00f6nem veriyoruz.<\/p>\n\n\n\n<p>Okul refakat\u00e7ilerimizi se\u00e7erken, hem profesyonel olarak kalifiye hem de ki\u015fisel olarak uygun olduklar\u0131ndan emin oluruz. Her refakat\u00e7i \u00f6zenle se\u00e7ilir ve \u00e7ocu\u011fun bireysel ihtiya\u00e7lar\u0131na g\u00f6re uyarlan\u0131r. \u00c7ocu\u011fun refakat\u00e7isinin yan\u0131nda kendini rahat hissetmesini ve g\u00fcvene dayal\u0131 bir ili\u015fki kurabilmesini sa\u011flamaya b\u00fcy\u00fck \u00f6nem veriyoruz.<\/p>\n\n\n\n<p>Okul deste\u011fimiz, derslerde destek, g\u00fcnl\u00fck okul ya\u015fam\u0131n\u0131n d\u00fczenlenmesi ve sosyal becerilerin geli\u015ftirilmesi gibi \u00e7e\u015fitli alanlar\u0131 kapsamaktad\u0131r. \u00c7ocu\u011fun \u00f6\u011frenme ba\u015far\u0131s\u0131n\u0131 te\u015fvik etmek ve bireysel \u00f6\u011frenme hedeflerine ula\u015fmak i\u00e7in kurum ve \u00f6\u011fretmenlerle yak\u0131n i\u015fbirli\u011fi i\u00e7inde \u00e7al\u0131\u015f\u0131yoruz.<\/p>\n\n\n\n<p>\u00c7ocu\u011funuz i\u00e7in nitelikli okul dan\u0131\u015fmanlar\u0131 ar\u0131yorsan\u0131z, size yard\u0131mc\u0131 olmaktan memnuniyet duyar\u0131z.<\/p>\n\n\n\n<p>Bizimle ileti\u015fime ge\u00e7in ve \u00e7ocu\u011funuz i\u00e7in do\u011fru refakat\u00e7iyi birlikte bulal\u0131m.<\/p>\n<\/div>\n<\/div>\n<\/div>\n<\/section>\n\n\n\n<section class=\"section-cee09a3 cc-sct\">\n<div class=\"container-c33a6c3 cc-cntr\">\n<h2 class=\"heading-c0a197e bg-span\">Ekip \u00fcyeleri<\/h2>\n\n\n\n<div class=\"div-cf049ff\">\n<img loading=\"lazy\" decoding=\"async\" class=\"image-c697a77 cc-img\" src=\"https:\/\/die-schulhelfer.de\/wp-content\/uploads\/2025\/07\/569-A-scaled.jpg\" srcset=\"https:\/\/die-schulhelfer.de\/wp-content\/uploads\/2025\/07\/569-A-scaled.jpg 1200w, https:\/\/die-schulhelfer.de\/wp-content\/uploads\/2025\/07\/569-A-217x300.jpg 217w, https:\/\/die-schulhelfer.de\/wp-content\/uploads\/2025\/07\/569-A-739x1024.jpg 739w, https:\/\/die-schulhelfer.de\/wp-content\/uploads\/2025\/07\/569-A-768x1064.jpg 768w, https:\/\/die-schulhelfer.de\/wp-content\/uploads\/2025\/07\/569-A-1109x1536.jpg 1109w, https:\/\/die-schulhelfer.de\/wp-content\/uploads\/2025\/07\/569-A-9x12.jpg 9w\" sizes=\"auto, (max-width: 1200px) 100vw, 1200px\" width=\"1200\" height=\"1661\" alt=\"\"\/>\n\n\n\n<div>\n<p><strong>Suat G\u00fcnes<\/strong><br>Y\u00f6netim<br>Tel: 089-500 73 206<br>Tel: 0171-2244900<br><a href=\"mailto:s.guenes@die-schulhelfer.de\">s.guenes@die-schulhelfer.de<\/a><\/p>\n<\/div>\n<\/div>\n\n\n\n<div class=\"div-c9ed641\">\n<img loading=\"lazy\" decoding=\"async\" class=\"image-cf38365 cc-img\" src=\"https:\/\/die-schulhelfer.de\/wp-content\/uploads\/2025\/07\/577-A-scaled.jpg\" srcset=\"https:\/\/die-schulhelfer.de\/wp-content\/uploads\/2025\/07\/577-A-scaled.jpg 1200w, https:\/\/die-schulhelfer.de\/wp-content\/uploads\/2025\/07\/577-A-217x300.jpg 217w, https:\/\/die-schulhelfer.de\/wp-content\/uploads\/2025\/07\/577-A-740x1024.jpg 740w, https:\/\/die-schulhelfer.de\/wp-content\/uploads\/2025\/07\/577-A-768x1063.jpg 768w, https:\/\/die-schulhelfer.de\/wp-content\/uploads\/2025\/07\/577-A-1110x1536.jpg 1110w, https:\/\/die-schulhelfer.de\/wp-content\/uploads\/2025\/07\/577-A-9x12.jpg 9w\" sizes=\"auto, (max-width: 1200px) 100vw, 1200px\" width=\"1200\" height=\"1661\" alt=\"\"\/>\n\n\n\n<div>\n<p><strong>Esma G\u00fcnes<\/strong><br>Y\u00f6netim\u00a0<br>Tel: 089-500 73 200<br>0176-800 499 26<br><a href=\"mailto:e.guenes@die-schulhelfer.de\">e.guenes@die-schulhelfer.de<\/a><\/p>\n<\/div>\n<\/div>\n\n\n\n<div class=\"div-cdf8c35\">\n<img loading=\"lazy\" decoding=\"async\" class=\"image-c2c3b90 cc-img\" src=\"https:\/\/die-schulhelfer.de\/wp-content\/uploads\/2025\/07\/Nico-scaled.jpg\" srcset=\"https:\/\/die-schulhelfer.de\/wp-content\/uploads\/2025\/07\/Nico-scaled.jpg 1200w, https:\/\/die-schulhelfer.de\/wp-content\/uploads\/2025\/07\/Nico-217x300.jpg 217w, https:\/\/die-schulhelfer.de\/wp-content\/uploads\/2025\/07\/Nico-740x1024.jpg 740w, https:\/\/die-schulhelfer.de\/wp-content\/uploads\/2025\/07\/Nico-768x1063.jpg 768w, https:\/\/die-schulhelfer.de\/wp-content\/uploads\/2025\/07\/Nico-1109x1536.jpg 1109w, https:\/\/die-schulhelfer.de\/wp-content\/uploads\/2025\/07\/Nico-9x12.jpg 9w\" sizes=\"auto, (max-width: 1200px) 100vw, 1200px\" width=\"1200\" height=\"1661\" alt=\"\"\/>\n\n\n\n<div>\n<p><strong>Nico Ke\u00dfler<\/strong><br>\u00d6zel ihtiya\u00e7lar \u00f6\u011fretmeni (M.A.)<\/p>\n\n\n\n<p>\u00c7ocuklar ve ergenler i\u00e7in psikoterapist e\u011fitimi (psikanalitik ve derinlik psikolojisi temelli)<br><a href=\"mailto:n.kessler@die-schulhelfer.de\">n.kessler@die-schulhelfer.de<\/a><\/p>\n<\/div>\n<\/div>\n\n\n\n<div class=\"div-c68a4fb\">\n<img loading=\"lazy\" decoding=\"async\" class=\"image-cfe589d cc-img\" src=\"https:\/\/die-schulhelfer.de\/wp-content\/uploads\/2025\/07\/Aleyna-scaled.jpg\" srcset=\"https:\/\/die-schulhelfer.de\/wp-content\/uploads\/2025\/07\/Aleyna-scaled.jpg 1200w, https:\/\/die-schulhelfer.de\/wp-content\/uploads\/2025\/07\/Aleyna-217x300.jpg 217w, https:\/\/die-schulhelfer.de\/wp-content\/uploads\/2025\/07\/Aleyna-739x1024.jpg 739w, https:\/\/die-schulhelfer.de\/wp-content\/uploads\/2025\/07\/Aleyna-768x1064.jpg 768w, https:\/\/die-schulhelfer.de\/wp-content\/uploads\/2025\/07\/Aleyna-1109x1536.jpg 1109w, https:\/\/die-schulhelfer.de\/wp-content\/uploads\/2025\/07\/Aleyna-9x12.jpg 9w\" sizes=\"auto, (max-width: 1200px) 100vw, 1200px\" width=\"1200\" height=\"1662\" alt=\"\"\/>\n\n\n\n<div>\n<p><strong>Aleyna Karahan<\/strong><br>Ofis Y\u00f6netimi<br>089-500 73 200<br><a href=\"mailto:a.karahan@die-schulhelfer.de\">a.karahan@die-schulhelfer.de<\/a><\/p>\n<\/div>\n<\/div>\n<\/div>\n<\/section>","protected":false},"excerpt":{"rendered":"","protected":false},"author":1,"featured_media":0,"parent":0,"menu_order":0,"comment_status":"closed","ping_status":"closed","template":"","meta":{"_acf_changed":false,"footnotes":""},"class_list":["post-314","page","type-page","status-publish","hentry"],"acf":[],"_links":{"self":[{"href":"https:\/\/die-schulhelfer.de\/tr\/wp-json\/wp\/v2\/pages\/314","targetHints":{"allow":["GET"]}}],"collection":[{"href":"https:\/\/die-schulhelfer.de\/tr\/wp-json\/wp\/v2\/pages"}],"about":[{"href":"https:\/\/die-schulhelfer.de\/tr\/wp-json\/wp\/v2\/types\/page"}],"author":[{"embeddable":true,"href":"https:\/\/die-schulhelfer.de\/tr\/wp-json\/wp\/v2\/users\/1"}],"replies":[{"embeddable":true,"href":"https:\/\/die-schulhelfer.de\/tr\/wp-json\/wp\/v2\/comments?post=314"}],"version-history":[{"count":45,"href":"https:\/\/die-schulhelfer.de\/tr\/wp-json\/wp\/v2\/pages\/314\/revisions"}],"predecessor-version":[{"id":1086,"href":"https:\/\/die-schulhelfer.de\/tr\/wp-json\/wp\/v2\/pages\/314\/revisions\/1086"}],"wp:attachment":[{"href":"https:\/\/die-schulhelfer.de\/tr\/wp-json\/wp\/v2\/media?parent=314"}],"curies":[{"name":"wp","href":"https:\/\/api.w.org\/{rel}","templated":true}]}}