{"id":201,"date":"2023-10-19T14:36:13","date_gmt":"2023-10-19T14:36:13","guid":{"rendered":"https:\/\/die-schulhelfer.de\/?page_id=201"},"modified":"2025-07-30T11:02:00","modified_gmt":"2025-07-30T11:02:00","slug":"basvuru-suereci%cc%87","status":"publish","type":"page","link":"https:\/\/die-schulhelfer.de\/tr\/antragsablauf\/","title":{"rendered":"Ba\u015fvuru s\u00fcreci"},"content":{"rendered":"<section class=\"section-c240b05 cc-sct\">\n<div class=\"container-c9d7dc8 cc-cntr\">\n<div class=\"columns-c950211\">\n<div class=\"column-c8f5ca7 cc-clmn\">\n<h1 class=\"heading-ccc504e bg-span\"><span class=\"cc-span ccz8z3o\">Ba\u015fvuru s\u00fcreci<\/span><\/h1>\n\n\n\n<p>Bireysel destek, okul deste\u011fi, \u00e7al\u0131\u015fma\/kariyer deste\u011fi hakk\u0131n\u0131n temeli Alman Sosyal Kanunu'nda (SGB) d\u00fczenlenmi\u015ftir. Bedensel veya zihinsel engelli \u00e7ocuklar \u00a7112 SGB IX uyar\u0131nca e\u011fitime kat\u0131l\u0131m i\u00e7in yard\u0131m alma hakk\u0131na sahiptir. <\/p>\n\n\n\n<p>ADHD, ADD, otizm spektrum bozuklu\u011fu, a\u011f\u0131r ileti\u015fim bozuklu\u011fu veya a\u011f\u0131r zorlay\u0131c\u0131 davran\u0131\u015f gibi alanlarda zihinsel engelli \u00e7ocuklar i\u00e7in kesin d\u00fczenlemeler SGB VIII B\u00f6l\u00fcm 35a \"Zihinsel engelli \u00e7ocuklar ve gen\u00e7ler i\u00e7in entegrasyon yard\u0131m\u0131\" nda belirtilmi\u015ftir.<\/p>\n<\/div>\n\n\n\n<div class=\"column-c65fa07 cc-clmn\">\n<img loading=\"lazy\" decoding=\"async\" class=\"image-c3818d2 cc-img\" src=\"http:\/\/die-schulhelfer.de\/wp-content\/uploads\/2023\/10\/iStock-1413600876.jpg\" srcset=\"https:\/\/die-schulhelfer.de\/wp-content\/uploads\/2023\/10\/iStock-1413600876.jpg 1800w, https:\/\/die-schulhelfer.de\/wp-content\/uploads\/2023\/10\/iStock-1413600876-300x200.jpg 300w, https:\/\/die-schulhelfer.de\/wp-content\/uploads\/2023\/10\/iStock-1413600876-1024x683.jpg 1024w, https:\/\/die-schulhelfer.de\/wp-content\/uploads\/2023\/10\/iStock-1413600876-768x512.jpg 768w, https:\/\/die-schulhelfer.de\/wp-content\/uploads\/2023\/10\/iStock-1413600876-1536x1024.jpg 1536w\" sizes=\"auto, (max-width: 1800px) 100vw, 1800px\" width=\"1800\" height=\"1200\" alt=\"\u00d6\u011fretmenler i\u00e7in okul deste\u011fi\"\/>\n\n\n\n<div class=\"div-c27e6be\">\n<div class=\"div-cdaefd6\">\n<div class=\"div-c3c9ef2\"><\/div>\n\n\n\n<div class=\"div-ce9b620 div-c3c9ef2\"><\/div>\n<\/div>\n<\/div>\n<\/div>\n<\/div>\n<\/div>\n<\/section>\n\n\n\n<section class=\"section-c09cc55 cc-sct\">\n<div class=\"cc-cntr\">\n<h2 class=\"heading-cce28ae\">Okul, bireysel ve \u00f6zel ba\u015fvuru s\u00fcreci, <br>\u00c7al\u0131\u015fma \/ kariyer rehberli\u011fi a\u015fa\u011f\u0131daki gibidir:  <\/h2>\n\n\n\n<p><br>Herhangi bir sorunuz varsa veya ba\u015fvurunuzla ilgili deste\u011fe ihtiyac\u0131n\u0131z varsa, birlikte ba\u015flayabilmemiz i\u00e7in l\u00fctfen do\u011frudan bizimle ileti\u015fime ge\u00e7mekten \u00e7ekinmeyin.<\/p>\n\n\n\n<div class=\"list-ca2bd6c\"><ol><li><strong>\u0130lk dan\u0131\u015fma g\u00f6r\u00fc\u015fmesi<\/strong> Kurumla: \u00d6ncelikle, arzu edilen e\u011fitim kurumuyla a\u00e7\u0131k bir \u00f6n g\u00f6r\u00fc\u015fme yap\u0131lmal\u0131d\u0131r. Dilerseniz bu konuda size destek olabiliriz.<br><\/li><li><strong>Uygulama<\/strong>\u0130lgili ba\u015fvuru, sorumlu finansman kurulu\u015funa, b\u00f6lge veya gen\u00e7lik dairesine sunulmal\u0131d\u0131r. <strong>Zihinsel k\u0131s\u0131tlamalar i\u00e7in fon ba\u015fvurular\u0131<\/strong> (\u00f6rne\u011fin ADHD, ADD, otizm spektrum bozuklu\u011fu, konsantrasyon eksikli\u011fi) sorumlu gen\u00e7lik dairesine sunulmal\u0131d\u0131r, M\u00fcnih \u015eehri Gen\u00e7lik Dairesi sorumlu ise sorumlu kurulu\u015fu burada bulabilirsiniz. T\u00fcm ba\u015fvurular ilgili b\u00fcrolardan da temin edilebilir. <strong>Fiziksel ve\/veya zihinsel engeller i\u00e7in fon ba\u015fvurular\u0131<\/strong> sorumlu b\u00f6lgeye sunulmal\u0131d\u0131r.\u00a0<br><\/li><li><strong>\u0130htiya\u00e7 de\u011ferlendirmesi<\/strong>Finansman kurulu\u015fu ba\u015fvurunuzu, sa\u011fl\u0131k raporunuzu ve e\u011fitim kurumundan gelen beyan\u0131 inceleyecektir. Bu genellikle \u00fc\u00e7 ila alt\u0131 hafta aras\u0131nda s\u00fcrer. \u00d6zellikle ilk ba\u015fvurunuzsa ve okul d\u00f6nemi yakla\u015f\u0131yorsa, l\u00fctfen bu s\u00fcreyi g\u00f6z \u00f6n\u00fcnde bulundurun.<br><\/li><li><strong>Karar<\/strong> Sponsor, zaman \u00e7izelgesine ve \u00e7ocu\u011funuzun bireysel ihtiya\u00e7lar\u0131na g\u00f6re iznin kapsam\u0131na karar verir.<br><\/li><li><strong>\u015eanz\u0131man<\/strong> Okul refakat\u00e7isinin yetkilendirilmesi\/se\u00e7ilmesi: Finansman kurumunun karar\u0131 do\u011frudan bize g\u00f6nderilir ve refakat\u00e7inin sorumlulu\u011fu devredilir. Sizinle birlikte \u00e7ocu\u011funuz i\u00e7in uygun bir refakat\u00e7i se\u00e7ece\u011fiz. Duygusal ve derse \u00f6zg\u00fc kriterler temelinde bir \u00f6n se\u00e7im yap\u0131l\u0131r. Se\u00e7ilen ki\u015fiyi ki\u015fisel bir toplant\u0131da tan\u0131ma f\u0131rsat\u0131na sahipsiniz. Bizden ve refakat\u00e7iden yana karar verdi\u011finizde, e\u011fitim kurumuyla temasa ge\u00e7ece\u011fiz ve m\u00fcmk\u00fcn olan en k\u0131sa s\u00fcrede refakat\u00e7ili\u011fe ba\u015flayaca\u011f\u0131z.<br><\/li><li><strong>Destek ve sorular<\/strong>Se\u00e7im ve ba\u015fvuru s\u00fcreciyle ilgili her t\u00fcrl\u00fc sorunuzu yan\u0131tlamaktan memnuniyet duyar\u0131z. Destek teklifimiz i\u00e7in \u00f6n ko\u015ful, entegrasyon yard\u0131m\u0131ndan sorumlu bir kamu kurulu\u015funun onay\u0131d\u0131r.<\/li><\/ol><\/div>\n<\/div>\n<\/section>\n\n\n\n<section class=\"section-c0ad883 section-c09cc55 cc-sct\">\n<div class=\"container-ca2c808 cc-cntr\">\n<div class=\"div-c540938\">\n<h2 class=\"heading-c9c5555\">Bizimle ileti\u015fime ge\u00e7in! <\/h2>\n\n\n\n<p class=\"paragraph-c443fb0\">Sizden haber bekliyoruz.<\/p>\n\n\n\n<a class=\"button-c0b7f89 cc-btn\" href=\"https:\/\/die-schulhelfer.de\/tr\/anfrage\/\">Ba\u015fvuru formu<\/a>\n<\/div>\n<\/div>\n<\/section>","protected":false},"excerpt":{"rendered":"","protected":false},"author":1,"featured_media":0,"parent":0,"menu_order":0,"comment_status":"closed","ping_status":"closed","template":"","meta":{"_acf_changed":false,"footnotes":""},"class_list":["post-201","page","type-page","status-publish","hentry"],"acf":[],"_links":{"self":[{"href":"https:\/\/die-schulhelfer.de\/tr\/wp-json\/wp\/v2\/pages\/201","targetHints":{"allow":["GET"]}}],"collection":[{"href":"https:\/\/die-schulhelfer.de\/tr\/wp-json\/wp\/v2\/pages"}],"about":[{"href":"https:\/\/die-schulhelfer.de\/tr\/wp-json\/wp\/v2\/types\/page"}],"author":[{"embeddable":true,"href":"https:\/\/die-schulhelfer.de\/tr\/wp-json\/wp\/v2\/users\/1"}],"replies":[{"embeddable":true,"href":"https:\/\/die-schulhelfer.de\/tr\/wp-json\/wp\/v2\/comments?post=201"}],"version-history":[{"count":48,"href":"https:\/\/die-schulhelfer.de\/tr\/wp-json\/wp\/v2\/pages\/201\/revisions"}],"predecessor-version":[{"id":527,"href":"https:\/\/die-schulhelfer.de\/tr\/wp-json\/wp\/v2\/pages\/201\/revisions\/527"}],"wp:attachment":[{"href":"https:\/\/die-schulhelfer.de\/tr\/wp-json\/wp\/v2\/media?parent=201"}],"curies":[{"name":"wp","href":"https:\/\/api.w.org\/{rel}","templated":true}]}}