{"id":374,"date":"2023-10-24T07:10:11","date_gmt":"2023-10-24T07:10:11","guid":{"rendered":"https:\/\/die-schulhelfer.de\/?page_id=374"},"modified":"2024-01-12T08:08:03","modified_gmt":"2024-01-12T08:08:03","slug":"candidati-ora","status":"publish","type":"page","link":"https:\/\/die-schulhelfer.de\/it\/jetzt-bewerben\/","title":{"rendered":"Candidarsi ora"},"content":{"rendered":"\n<section class=\"section-c09cc55 cc-sct\">\n<div class=\"container-c9d7dc8 cc-cntr\">\n<div class=\"columns-c950211\">\n<div class=\"column-c8f5ca7 cc-clmn\">\n<h1 class=\"heading-ccc504e bg-span\">Jetzt <span class=\"cc-span ccz8z3o\">bewerben<\/span>!<\/h1>\n\n\n\n<p>Die Arbeit als Schulbegleiter bei den Schulhelfern ist mehr als nur ein Job. Unsere Mitarbeiter sind Bezugspersonen f\u00fcr die Kinder und Jugendlichen, denen sie betreuend zur Seite stehen. <\/p>\n\n\n\n<p>Sie unterst\u00fctzen sie nicht nur im Unterricht, sondern auch bei der Bew\u00e4ltigung des Bildungsalltags und f\u00f6rdern ihre selbstst\u00e4ndige Entwicklung. <\/p>\n\n\n\n<p>Die Arbeit in der Individual -und Schulbegleitung wird als pers\u00f6nlich bereichernd und wertvoll angesehen.<\/p>\n<\/div>\n\n\n\n<div class=\"column-c65fa07 cc-clmn\">\n<img loading=\"lazy\" decoding=\"async\" class=\"image-c3818d2 cc-img\" src=\"http:\/\/die-schulhelfer.de\/wp-content\/uploads\/2023\/10\/iStock-1054930666.jpg\" srcset=\"https:\/\/die-schulhelfer.de\/wp-content\/uploads\/2023\/10\/iStock-1054930666.jpg 1797w, https:\/\/die-schulhelfer.de\/wp-content\/uploads\/2023\/10\/iStock-1054930666-300x200.jpg 300w, https:\/\/die-schulhelfer.de\/wp-content\/uploads\/2023\/10\/iStock-1054930666-1024x684.jpg 1024w, https:\/\/die-schulhelfer.de\/wp-content\/uploads\/2023\/10\/iStock-1054930666-768x513.jpg 768w, https:\/\/die-schulhelfer.de\/wp-content\/uploads\/2023\/10\/iStock-1054930666-1536x1026.jpg 1536w, https:\/\/die-schulhelfer.de\/wp-content\/uploads\/2023\/10\/iStock-1054930666-2048x1368.jpg 1796w\" sizes=\"auto, (max-width: 1797px) 100vw, 1797px\" width=\"1797\" height=\"1200\" alt=\"Schulbegleitung M\u00fcnchen\"\/>\n\n\n\n<div class=\"div-c27e6be\">\n<div class=\"div-cdaefd6\">\n<div class=\"div-c3c9ef2\"><\/div>\n\n\n\n<div class=\"div-ce9b620 div-c3c9ef2\"><\/div>\n<\/div>\n<\/div>\n<\/div>\n<\/div>\n<\/div>\n<\/section>\n\n\n\n<section class=\"section-c2e0304 cc-sct\">\n<div class=\"cc-cntr\">\n<div class=\"columns-c3d77f2\">\n<div class=\"column-c287ce1 cc-clmn\">\n<p><strong>Ihre Pers\u00f6nlichkeit<\/strong><br>Bei den Schulhelfern legen wir gro\u00dfen Wert auf die Pers\u00f6nlichkeit unserer Mitarbeiter. Neben fachlicher Kompetenz pr\u00fcfen wir auch soziale und empathische Kriterien sowie Ihre Qualifikation, um sicherzustellen, dass Sie den individuellen Bed\u00fcrfnissen des Kindes gerecht werden k\u00f6nnen. Im Rahmen eines pers\u00f6nlichen Kennenlernens stellen Sie sich den Erziehungsberechtigten vor und werden bei Bedarf auch der Bildungseinrichtung vorgestellt. Unser Team steht Ihnen jederzeit f\u00fcr R\u00fcckfragen und Notf\u00e4lle zur Verf\u00fcgung.<\/p>\n\n\n\n<p><strong>Unser Versprechen<\/strong><br>Als Schulhelfer bieten wir Ihnen neben einem gesicherten, \u00fcberdurchschnittlichen Arbeitslohn (angepasst an Qualifikation und Berufserfahrung) weitere Benefits wie steuerfreie Zusch\u00fcsse oder Fahrtkostenzusch\u00fcsse, \u00fcberdurchschnittliche Urlaubstage, eigenverantwortliches Arbeiten, Vertiefung von Wissen und Kenntnissen in Teambesprechungen, digitalisiertes Arbeiten, Weihnachtsgeld, ein junges, motiviertes und erfahrenes Team sowie die Teilnahme am Weiterbildungsangebot mit unseren Partner in der Kinderpsychologie und Kinderarztpraxen.<\/p>\n<\/div>\n\n\n\n<div class=\"column-c5db150 cc-clmn\">\n<p><strong>Ihre Qualifikation<\/strong> <br>Wir suchen immer nach sozial engagierten und motivierten Personen, die Freude an der Arbeit mit Menschen haben. Auch jungen Menschen bieten wir die M\u00f6glichkeit, bei uns im Rahmen eines Orientierungsjahres mitzuarbeiten. Wir unterscheiden zwischen drei Qualifikationsstufen: Hilfskraft, p\u00e4dagogische Hilfskraft und p\u00e4dagogische Fachkraft.<\/p>\n\n\n\n<p> <\/p>\n\n\n\n<p><\/p>\n\n\n\n<p><\/p>\n\n\n\n<p><strong>So geht es los<\/strong><br>Um als Schulhelfer t\u00e4tig zu sein, m\u00fcssen Sie bestimmte Qualifikationen mitbringen. Der genaue Ablauf des Bewerbungsprozesses beinhaltet eine positive Pr\u00fcfung Ihrer Bewerbungsunterlagen, ein Vorstellungsgespr\u00e4ch zur pers\u00f6nlichen Kennenlernens und das Ausf\u00fcllen eines Fragebogens f\u00fcr die Erhebung sozialer und empathischer Kriterien. Zudem ist es erforderlich, dass wir von Ihnen ein erweitertes polizeiliches F\u00fchrungszeugnis anfordern. Die Kosten daf\u00fcr \u00fcbernehmen wir gerne. Nach dem Kennenlernen mit der zu begleitenden Person und deren Erziehungsberechtigten wird bei Einigkeit \u00fcber eine Zusammenarbeit der Anstellungsvertrag unterzeichnet und wir k\u00f6nnen gemeinsam durchstarten.<br><br><strong>Wenn Sie Interesse haben, ein Schulhelfer zu werden, k\u00f6nnen Sie sich jetzt bewerben. <\/strong><\/p>\n<\/div>\n<\/div>\n\n\n<p><div class='fluentform ff-default fluentform_wrapper_4 ffs_default_wrap'><form data-form_id=\"4\" id=\"fluentform_4\" class=\"frm-fluent-form fluent_form_4 ff-el-form-top ff_form_instance_4_1 ff-form-loading ff_has_v3_recptcha ffs_default\" data-form_instance=\"ff_form_instance_4_1\" method=\"POST\" data-recptcha_key=\"6Ld3M3UsAAAAAMeVBdJBUk4Zov5Kjw81ozffP-_l\" ><fieldset  style=\"border: none!important;margin: 0!important;padding: 0!important;background-color: transparent!important;box-shadow: none!important;outline: none!important; min-inline-size: 100%;\">\n                    <legend class=\"ff_screen_reader_title\" style=\"display: block; margin: 0!important;padding: 0!important;height: 0!important;text-indent: -999999px;width: 0!important;overflow:hidden;\">Jetzt bewerben<\/legend><input type='hidden' name='__fluent_form_embded_post_id' value='374' \/><input type=\"hidden\" id=\"_fluentform_4_fluentformnonce\" name=\"_fluentform_4_fluentformnonce\" value=\"5ed85ec7da\" \/><input type=\"hidden\" name=\"_wp_http_referer\" value=\"\/it\/wp-json\/wp\/v2\/pages\/374\" \/><div data-name=\"ff_cn_id_1\"  class='ff-t-container ff-column-container ff_columns_total_2 '><div class='ff-t-cell ff-t-column-1' style='flex-basis: 50%;'><div class='ff-el-group'><div class=\"ff-el-input--label ff-el-is-required asterisk-right\"><label for='ff_4_input_text' id='label_ff_4_input_text' aria-label=\"Vorname\">Vorname<\/label><\/div><div class='ff-el-input--content'><input type=\"text\" name=\"input_text\" class=\"ff-el-form-control\" placeholder=\"Vorname\" data-name=\"input_text\" id=\"ff_4_input_text\"  aria-invalid=\"false\" aria-required=true><\/div><\/div><\/div><div class='ff-t-cell ff-t-column-2' style='flex-basis: 50%;'><div class='ff-el-group'><div class=\"ff-el-input--label ff-el-is-required asterisk-right\"><label for='ff_4_input_text_1' id='label_ff_4_input_text_1' aria-label=\"Nachname\">Nachname<\/label><\/div><div class='ff-el-input--content'><input type=\"text\" name=\"input_text_1\" class=\"ff-el-form-control\" placeholder=\"Nachname\" data-name=\"input_text_1\" id=\"ff_4_input_text_1\"  aria-invalid=\"false\" aria-required=true><\/div><\/div><\/div><\/div><div data-name=\"ff_cn_id_2\"  class='ff-t-container ff-column-container ff_columns_total_2 '><div class='ff-t-cell ff-t-column-1' style='flex-basis: 50%;'><div class='ff-el-group'><div class=\"ff-el-input--label ff-el-is-required asterisk-right\"><label for='ff_4_input_text_2' id='label_ff_4_input_text_2' aria-label=\"E-Mail-Adresse\">E-Mail-Adresse<\/label><\/div><div class='ff-el-input--content'><input type=\"text\" name=\"input_text_2\" class=\"ff-el-form-control\" placeholder=\"E-Mail-Adresse\" data-name=\"input_text_2\" id=\"ff_4_input_text_2\"  aria-invalid=\"false\" aria-required=true><\/div><\/div><\/div><div class='ff-t-cell ff-t-column-2' style='flex-basis: 50%;'><div class='ff-el-group'><div class=\"ff-el-input--label asterisk-right\"><label for='ff_4_input_text_3' id='label_ff_4_input_text_3' aria-label=\"Telefonnummer\">Telefonnummer<\/label><\/div><div class='ff-el-input--content'><input type=\"text\" name=\"input_text_3\" class=\"ff-el-form-control\" placeholder=\"Telefonnummer\" data-name=\"input_text_3\" id=\"ff_4_input_text_3\"  aria-invalid=\"false\" aria-required=false><\/div><\/div><\/div><\/div><div data-name=\"ff_cn_id_3\"  class='ff-t-container ff-column-container ff_columns_total_2 '><div class='ff-t-cell ff-t-column-1' style='flex-basis: 50%;'><div class='ff-el-group'><div class=\"ff-el-input--label ff-el-is-required asterisk-right\"><label for='ff_4_dropdown' id='label_ff_4_dropdown' aria-label=\"Ich bewerbe mich als\">Ich bewerbe mich als<\/label><\/div><div class='ff-el-input--content'><select name=\"dropdown\" id=\"ff_4_dropdown\" class=\"ff-el-form-control\" data-name=\"dropdown\" data-calc_value=\"0\"  aria-invalid=\"false\" aria-required=\"true\" aria-labelledby=\"label_ff_4_dropdown\"><option value=\"\">bitte ausw\u00e4hlen<\/option><option value=\"Hilfskraft (Quereinstieg)\"  >Hilfskraft (Quereinstieg)<\/option><option value=\"p\u00e4dagogische Hilfskraft (mit Berufserfahrung zB als Erzieher)\"  >p\u00e4dagogische Hilfskraft (mit Berufserfahrung zB als Erzieher)<\/option><option value=\"p\u00e4dagogische Fachkraft (Ausbildung Erzieher\/abgeschl. Studium P\u00e4d.)\"  >p\u00e4dagogische Fachkraft (Ausbildung Erzieher\/abgeschl. Studium P\u00e4d.)<\/option><\/select><\/div><\/div><\/div><div class='ff-t-cell ff-t-column-2' style='flex-basis: 50%;'><div class='ff-el-group'><div class=\"ff-el-input--label ff-el-is-required asterisk-right\"><label for='ff_4_dropdown_1' id='label_ff_4_dropdown_1' aria-label=\"Ich interesse mich f\u00fcr eine Stelle als\">Ich interesse mich f\u00fcr eine Stelle als<\/label><\/div><div class='ff-el-input--content'><select name=\"dropdown_1\" id=\"ff_4_dropdown_1\" class=\"ff-el-form-control\" data-name=\"dropdown_1\" data-calc_value=\"0\"  aria-invalid=\"false\" aria-required=\"true\" aria-labelledby=\"label_ff_4_dropdown_1\"><option value=\"\">bitte ausw\u00e4hlen<\/option><option value=\"Schulbegleiter(in) in der Schule\"  >Schulbegleiter(in) in der Schule<\/option><option value=\"Individualbegleiter(in) Kindergarten\/Hort\"  >Individualbegleiter(in) Kindergarten\/Hort<\/option><option value=\"Schulbegleiter(in) und\/oder Individualbegleiter(in)\"  >Schulbegleiter(in) und\/oder Individualbegleiter(in)<\/option><\/select><\/div><\/div><\/div><\/div><div data-name=\"ff_cn_id_4\"  class='ff-t-container ff-column-container ff_columns_total_2 '><div class='ff-t-cell ff-t-column-1' style='flex-basis: 50%;'><div class='ff-el-group'><div class=\"ff-el-input--label asterisk-right\"><label for='ff_4_description' id='label_ff_4_description' aria-label=\"Nachricht\">Nachricht<\/label><\/div><div class='ff-el-input--content'><textarea aria-required=\"false\" aria-labelledby=\"label_ff_4_description\" name=\"description\" id=\"ff_4_description\" class=\"ff-el-form-control\" placeholder=\"Ihre Nachricht\" rows=\"5\" cols=\"2\" data-name=\"description\" ><\/textarea><\/div><\/div><\/div><div class='ff-t-cell ff-t-column-2' style='flex-basis: 50%;'><div class='ff-el-group'><div class=\"ff-el-input--label ff-el-is-required asterisk-right\"><label for='ff_4_datetime' id='label_ff_4_datetime' aria-label=\"Beginn der T\u00e4tigkeit\">Beginn der T\u00e4tigkeit<\/label><\/div><div class='ff-el-input--content'><input  aria-label='Beginn der T\u00e4tigkeit Use arrow keys to navigate dates. Press enter to select a date.'  aria-haspopup='dialog' data-type-datepicker data-format='d\/m\/Y' type=\"text\" name=\"datetime\" id=\"ff_4_datetime\" class=\"ff-el-form-control ff-el-datepicker\" placeholder=\"bitte ausw\u00e4hlen\" data-name=\"datetime\"  aria-invalid='false' aria-required=true><\/div><\/div><\/div><\/div><div data-name=\"ff_cn_id_5\"  class='ff-t-container ff-column-container ff_columns_total_1 '><div class='ff-t-cell ff-t-column-1' style='flex-basis: 100%;'><div class='ff-el-group'><div class=\"ff-el-input--label asterisk-right\"><label for='ff_4_file-upload_1' id='label_ff_4_file-upload_1' aria-label=\"Datei hochladen\">Datei hochladen<\/label><\/div><div class='ff-el-input--content'><label for='ff_4_file-upload_1' class='ff_file_upload_holder'><span class='ff_upload_btn ff-btn' tabindex='0'>Datei(en) ausw\u00e4hlen<\/span> <input type=\"file\" name=\"file-upload\" id=\"ff_4_file-upload_1\" class=\"ff-el-form-control  ff-screen-reader-element\" data-name=\"file-upload\" multiple=\"1\"  aria-invalid='false' aria-required=false><\/label><\/div><\/div><\/div><\/div><div data-name=\"ff_cn_id_6\"  class='ff-t-container ff-column-container ff_columns_total_1 '><div class='ff-t-cell ff-t-column-1' style='flex-basis: 100%;'><div class='ff-el-group    ff-el-input--content'><div class='ff-el-form-check ff-el-tc'><label aria-label='Ihre personenbezogenen Daten verarbeiten wir gem\u00e4\u00df Art. 6 Abs. 1 S. 1 lit. b DSGVO zur Bearbeitung Ihrer Anfrage. Weitere Informationen zu unserem Umgang mit personenbezogenen Daten, insbesondere zu Ihren Rechten als betroffene Person, finden Sie in unseren Datenschutzinformationen.' class='ff-el-form-check-label ff_tc_label' for=gdpr-agreement_1_259f7c72c9898c35f7ad9444e1bdaf2d><span class='ff_tc_checkbox'><input type=\"checkbox\" name=\"gdpr-agreement_1\" class=\"ff-el-form-check-input ff_gdpr_field\" data-name=\"gdpr-agreement_1\" id=\"gdpr-agreement_1_259f7c72c9898c35f7ad9444e1bdaf2d\"  value='on' aria-invalid='false' aria-required=true><\/span> <div class='ff_t_c'>Ihre personenbezogenen Daten verarbeiten wir gem\u00e4\u00df Art. 6 Abs. 1 S. 1 lit. b DSGVO zur Bearbeitung Ihrer Anfrage. Weitere Informationen zu unserem Umgang mit personenbezogenen Daten, insbesondere zu Ihren Rechten als betroffene Person, finden Sie in unseren Datenschutzinformationen.<\/div><\/label><\/div><\/div><\/div><\/div><div class='ff-el-group ff-text-left ff_submit_btn_wrapper'><button type=\"submit\" class=\"ff-btn ff-btn-submit ff-btn-md ff_btn_style\"  aria-label=\"absenden\">absenden<\/button><\/div><\/fieldset><\/form><div id='fluentform_4_errors' class='ff-errors-in-stack ff_form_instance_4_1 ff-form-loading_errors ff_form_instance_4_1_errors'><\/div><\/div>            <script type=\"text\/javascript\">\n                window.fluent_form_ff_form_instance_4_1 = {\"id\":\"4\",\"ajaxUrl\":\"https:\\\/\\\/die-schulhelfer.de\\\/wp-admin\\\/admin-ajax.php\",\"settings\":{\"layout\":{\"labelPlacement\":\"top\",\"helpMessagePlacement\":\"with_label\",\"errorMessagePlacement\":\"inline\",\"cssClassName\":\"\",\"asteriskPlacement\":\"asterisk-right\"},\"restrictions\":{\"denyEmptySubmission\":{\"enabled\":false}}},\"form_instance\":\"ff_form_instance_4_1\",\"form_id_selector\":\"fluentform_4\",\"rules\":{\"input_text\":{\"required\":{\"value\":true,\"message\":\"Dieses Feld ist erforderlich\",\"global\":false,\"global_message\":\"Dieses Feld ist erforderlich\"}},\"input_text_1\":{\"required\":{\"value\":true,\"message\":\"Dieses Feld ist erforderlich\",\"global\":false,\"global_message\":\"Dieses Feld ist erforderlich\"}},\"input_text_2\":{\"required\":{\"value\":true,\"message\":\"Dieses Feld ist erforderlich\",\"global\":false,\"global_message\":\"Dieses Feld ist erforderlich\"}},\"input_text_3\":{\"required\":{\"value\":false,\"message\":\"Dieses Feld ist erforderlich\",\"global\":false,\"global_message\":\"Dieses Feld ist erforderlich\"}},\"dropdown\":{\"required\":{\"value\":true,\"message\":\"Dieses Feld ist erforderlich\",\"global\":false,\"global_message\":\"Dieses Feld ist erforderlich\"}},\"dropdown_1\":{\"required\":{\"value\":true,\"message\":\"Dieses Feld ist erforderlich\",\"global\":false,\"global_message\":\"Dieses Feld ist erforderlich\"}},\"description\":{\"required\":{\"value\":false,\"message\":\"Dieses Feld ist erforderlich\",\"global\":false,\"global_message\":\"Dieses Feld ist erforderlich\"}},\"datetime\":{\"required\":{\"value\":true,\"message\":\"Dieses Feld ist erforderlich\",\"global\":false,\"global_message\":\"Dieses Feld ist erforderlich\"}},\"file-upload\":{\"required\":{\"value\":false,\"message\":\"Dieses Feld ist erforderlich\",\"global_message\":\"Dieses Feld ist erforderlich\",\"global\":true},\"max_file_size\":{\"value\":5242880,\"_valueFrom\":\"MB\",\"message\":\"Validation fails for maximum file size\",\"global_message\":\"Validation fails for maximum file size\",\"global\":true},\"max_file_count\":{\"value\":\"3\",\"message\":\"Validation fails for maximum file count\",\"global_message\":\"Validation fails for maximum file count\",\"global\":true},\"allowed_file_types\":{\"value\":[\"jpg|jpeg|gif|png|bmp\",\"pdf\",\"doc|ppt|pps|xls|mdb|docx|xlsx|pptx|odt|odp|ods|odg|odc|odb|odf|rtf|txt\",\"zip|gz|gzip|rar|7z\"],\"message\":\"Ung\\u00fcltiger Dateityp\",\"global_message\":\"Ung\\u00fcltiger Dateityp\",\"global\":true}},\"gdpr-agreement_1\":{\"required\":{\"value\":true,\"message\":\"Dieses Feld ist erforderlich\",\"global\":false,\"global_message\":\"Dieses Feld ist erforderlich\"}},\"g-recaptcha-response\":[]},\"debounce_time\":300};\n                            <\/script>\n            <\/p>\n<\/div>\n<\/section>\n","protected":false},"excerpt":{"rendered":"","protected":false},"author":1,"featured_media":0,"parent":0,"menu_order":0,"comment_status":"closed","ping_status":"closed","template":"","meta":{"_acf_changed":false,"footnotes":""},"class_list":["post-374","page","type-page","status-publish","hentry"],"acf":[],"_links":{"self":[{"href":"https:\/\/die-schulhelfer.de\/it\/wp-json\/wp\/v2\/pages\/374","targetHints":{"allow":["GET"]}}],"collection":[{"href":"https:\/\/die-schulhelfer.de\/it\/wp-json\/wp\/v2\/pages"}],"about":[{"href":"https:\/\/die-schulhelfer.de\/it\/wp-json\/wp\/v2\/types\/page"}],"author":[{"embeddable":true,"href":"https:\/\/die-schulhelfer.de\/it\/wp-json\/wp\/v2\/users\/1"}],"replies":[{"embeddable":true,"href":"https:\/\/die-schulhelfer.de\/it\/wp-json\/wp\/v2\/comments?post=374"}],"version-history":[{"count":13,"href":"https:\/\/die-schulhelfer.de\/it\/wp-json\/wp\/v2\/pages\/374\/revisions"}],"predecessor-version":[{"id":543,"href":"https:\/\/die-schulhelfer.de\/it\/wp-json\/wp\/v2\/pages\/374\/revisions\/543"}],"wp:attachment":[{"href":"https:\/\/die-schulhelfer.de\/it\/wp-json\/wp\/v2\/media?parent=374"}],"curies":[{"name":"wp","href":"https:\/\/api.w.org\/{rel}","templated":true}]}}