{"id":351,"date":"2023-10-24T05:54:43","date_gmt":"2023-10-24T05:54:43","guid":{"rendered":"https:\/\/die-schulhelfer.de\/?page_id=351"},"modified":"2024-10-10T11:22:55","modified_gmt":"2024-10-10T11:22:55","slug":"izjava-o-misiji","status":"publish","type":"page","link":"https:\/\/die-schulhelfer.de\/hr\/leitbild\/","title":{"rendered":"Izjava o misiji"},"content":{"rendered":"<section class=\"section-c09cc55 cc-sct\">\n<div class=\"container-c9d7dc8 cc-cntr\">\n<div class=\"columns-c950211\">\n<div class=\"column-c8f5ca7 cc-clmn\">\n<h1 class=\"heading-ccc504e bg-span\"><span class=\"cc-span ccz8z3o\">Izjava o misiji i vrijednosti<\/span><\/h1>\n\n\n\n<p>Na\u0161e dru\u0161tvo i na\u0161 obrazovni sustav omogu\u0107uju djeci \u0161kolske dobi i mladima s dijagnosticiranim mentalnim, fizi\u010dkim ili emocionalnim te\u0161ko\u0107ama da dobiju podr\u0161ku u svakodnevnom \u017eivotu.<\/p>\n\n\n\n<p>Bez obzira na njihova ograni\u010denja ili nedostatke, zaslu\u017euju jednakopravan tretman i imaju pravo na podr\u0161ku kako bi u potpunosti ostvarili svoj potencijal.<\/p>\n\n\n\n<p>Inkluzija omogu\u0107uje djeci i mladima pogo\u0111enima, na primjer, da bolje prate nastavu, bolje u\u010de, bolje se integriraju u zajednicu i time bolje sudjeluju u dru\u0161tvenom \u017eivotu.<\/p>\n\n\n\n<p><strong>Rado \u0107emo vam pomo\u0107i savjetima pri podno\u0161enju va\u0161e prijave.<\/strong><\/p>\n<\/div>\n\n\n\n<div class=\"column-c65fa07 cc-clmn\">\n<img loading=\"lazy\" decoding=\"async\" class=\"image-c3818d2 cc-img\" src=\"https:\/\/die-schulhelfer.de\/wp-content\/uploads\/2024\/10\/iStock-1433288527.jpg\" srcset=\"https:\/\/die-schulhelfer.de\/wp-content\/uploads\/2024\/10\/iStock-1433288527.jpg 509w, https:\/\/die-schulhelfer.de\/wp-content\/uploads\/2024\/10\/iStock-1433288527-300x200.jpg 300w\" sizes=\"auto, (max-width: 509px) 100vw, 509px\" width=\"509\" height=\"339\" alt=\"\"\/>\n\n\n\n<div class=\"div-c27e6be\">\n<div class=\"div-cdaefd6\">\n<div class=\"div-c3c9ef2\"><\/div>\n\n\n\n<div class=\"div-ce9b620 div-c3c9ef2\"><\/div>\n<\/div>\n<\/div>\n<\/div>\n<\/div>\n<\/div>\n<\/section>\n\n\n\n<section class=\"section-c1e51f7 cc-sct\">\n<div class=\"container-cc701f9 cc-cntr\">\n<div class=\"columns-ccfa043\">\n<div class=\"column-c347f0a cc-clmn\">\n<img loading=\"lazy\" decoding=\"async\" class=\"image-c337ce7 cc-img\" src=\"https:\/\/die-schulhelfer.de\/wp-content\/uploads\/2023\/10\/iStock-1054793552.jpg\" srcset=\"https:\/\/die-schulhelfer.de\/wp-content\/uploads\/2023\/10\/iStock-1054793552.jpg 1797w, https:\/\/die-schulhelfer.de\/wp-content\/uploads\/2023\/10\/iStock-1054793552-300x200.jpg 300w, https:\/\/die-schulhelfer.de\/wp-content\/uploads\/2023\/10\/iStock-1054793552-1024x684.jpg 1024w, https:\/\/die-schulhelfer.de\/wp-content\/uploads\/2023\/10\/iStock-1054793552-768x513.jpg 768w, https:\/\/die-schulhelfer.de\/wp-content\/uploads\/2023\/10\/iStock-1054793552-1536x1026.jpg 1536w, https:\/\/die-schulhelfer.de\/wp-content\/uploads\/2023\/10\/iStock-1054793552-2048x1368.jpg 1796w\" sizes=\"auto, (max-width: 1797px) 100vw, 1797px\" width=\"1797\" height=\"1200\" alt=\"\u0161kolski pomo\u0107nik\"\/>\n\n\n\n<div class=\"div-ceec4ed\">\n<div class=\"div-cb7622b\">\n<div class=\"div-cc0cfc0\"><\/div>\n\n\n\n<div class=\"div-cb8fbcc div-c3c9ef2\"><\/div>\n<\/div>\n<\/div>\n<\/div>\n\n\n\n<div class=\"column-c277e4b cc-clmn\">\n<p>Va\u0161 osobni \u0161kolski asistent prati va\u0161e dijete u svakodnevnom \u017eivotu kao \u0161kolski ili individualni asistent. Mi, \u0161kolski asistenti, prona\u0107i \u0107emo pravog \u0161kolskog ili individualnog asistenta za va\u0161e dijete.&nbsp;<\/p>\n\n\n\n<p>Djeca i mladi s invaliditetom su jedinstvene osobe sa svojim potrebama, \u017eeljama, sposobnostima, ali i pote\u0161ko\u0107ama. Va\u017eno je prepoznati njihovu individualnost i ponuditi im iste prilike i mogu\u0107nosti kao i svima ostalima u na\u0161em dru\u0161tvu. Uz odgovaraju\u0107u podr\u0161ku u \u0161koli mogu\u0107e je nadoknaditi postoje\u0107e prepreke djeteta i pomo\u0107i mu da ostvari svoj potencijal.&nbsp;<\/p>\n\n\n\n<p>Na\u0161&nbsp;<strong class=\"\">Cilj<\/strong>&nbsp;Stvoriti pozitivno i poticajno okru\u017eenje u kojem djeca pogo\u0111ena mogu nastaviti razvijati se. Svako dijete ima potencijal za osobni, dru\u0161tveni i akademski razvoj, a mi \u017eelimo doprinijeti tome.<\/p>\n\n\n\n<p>Kroz na\u0161e&nbsp;<strong class=\"\">usluga<\/strong>&nbsp;Ja\u010damo povjerenje koje djeca i mladi imaju u nas, a posljedi\u010dno i u sebe. Nudimo im sigurnu i pouzdanu podr\u0161ku u kojoj se mogu osje\u0107ati ugodno i za\u0161ti\u0107eno. Kroz ciljanu pomo\u0107 i podr\u0161ku poma\u017eemo im otkriti i razviti svoje individualne snage. Opse\u017ena i optimalna priprema u odnosu na njih i njihovo dijete na\u0161 je glavni prioritet.<\/p>\n\n\n\n<p>Redovito vas obavje\u0161tavamo o napretku va\u0161eg djeteta i stojimo vam na raspolaganju za sva pitanja koja imate.<\/p>\n\n\n\n<p>The&nbsp;<strong class=\"\">Ravnatelj i razrednik<\/strong>&nbsp;Oslonite se na na\u0161u podr\u0161ku. \u0160kolski asistenti daju vrijedan doprinos obrazovanju i razvoju dru\u0161tvene \u0161kolske zajednice te, na zahtjev \u0161kole, pru\u017eaju dodatnu podr\u0161ku u\u010diteljima u u\u010dionici ili grupi.<\/p>\n<\/div>\n<\/div>\n<\/div>\n<\/section>","protected":false},"excerpt":{"rendered":"","protected":false},"author":1,"featured_media":0,"parent":0,"menu_order":0,"comment_status":"closed","ping_status":"closed","template":"","meta":{"_acf_changed":false,"footnotes":""},"class_list":["post-351","page","type-page","status-publish","hentry"],"acf":[],"_links":{"self":[{"href":"https:\/\/die-schulhelfer.de\/hr\/wp-json\/wp\/v2\/pages\/351","targetHints":{"allow":["GET"]}}],"collection":[{"href":"https:\/\/die-schulhelfer.de\/hr\/wp-json\/wp\/v2\/pages"}],"about":[{"href":"https:\/\/die-schulhelfer.de\/hr\/wp-json\/wp\/v2\/types\/page"}],"author":[{"embeddable":true,"href":"https:\/\/die-schulhelfer.de\/hr\/wp-json\/wp\/v2\/users\/1"}],"replies":[{"embeddable":true,"href":"https:\/\/die-schulhelfer.de\/hr\/wp-json\/wp\/v2\/comments?post=351"}],"version-history":[{"count":18,"href":"https:\/\/die-schulhelfer.de\/hr\/wp-json\/wp\/v2\/pages\/351\/revisions"}],"predecessor-version":[{"id":681,"href":"https:\/\/die-schulhelfer.de\/hr\/wp-json\/wp\/v2\/pages\/351\/revisions\/681"}],"wp:attachment":[{"href":"https:\/\/die-schulhelfer.de\/hr\/wp-json\/wp\/v2\/media?parent=351"}],"curies":[{"name":"wp","href":"https:\/\/api.w.org\/{rel}","templated":true}]}}