{"id":318,"date":"2023-10-20T13:07:51","date_gmt":"2023-10-20T13:07:51","guid":{"rendered":"https:\/\/die-schulhelfer.de\/?page_id=318"},"modified":"2026-01-26T10:10:45","modified_gmt":"2026-01-26T10:10:45","slug":"samo-kontakt","status":"publish","type":"page","link":"https:\/\/die-schulhelfer.de\/hr\/kontakt-only\/","title":{"rendered":"Kontakt"},"content":{"rendered":"<section class=\"section-c09cc55 cc-sct\">\n<div class=\"container-c9d7dc8 cc-cntr\">\n<div class=\"div-c43e090\">\n<a class=\"btn-1 cc-btn\" href=\"\/hr\/upit\/\">Zatra\u017eite \u0161kolsku podr\u0161ku<\/a>\n\n\n\n<a class=\"button-c548228 btn-1 cc-btn\" href=\"\/hr\/prijavite-se-sada\/\">Prijavite se sada<\/a>\n<\/div>\n\n\n\n<h1 class=\"heading-ccc504e bg-span\">Mi <span class=\"cc-span ccodn7t\">biti zadovoljan<\/span> nas na va\u0161em  <span class=\"cc-span ccz8z3o\">Kontakt<\/span><\/h1>\n\n\n<p><div class='fluentform ff-default fluentform_wrapper_3 ffs_default_wrap'><form data-form_id=\"3\" id=\"fluentform_3\" class=\"frm-fluent-form fluent_form_3 ff-el-form-top ff_form_instance_3_1 ff-form-loading ff_has_v3_recptcha ffs_default\" data-form_instance=\"ff_form_instance_3_1\" method=\"POST\" data-recptcha_key=\"6Ld3M3UsAAAAAMeVBdJBUk4Zov5Kjw81ozffP-_l\" action=\"\" ><fieldset  style=\"border: none!important;margin: 0!important;padding: 0!important;background-color: transparent!important;box-shadow: none!important;outline: none!important; min-inline-size: 100%;\">\n                    <legend class=\"ff_screen_reader_title\" style=\"display: block; margin: 0!important;padding: 0!important;height: 0!important;text-indent: -999999px;width: 0!important;overflow:hidden;\">Kontakt<\/legend><input type='hidden' name='__fluent_form_embded_post_id' value='318' \/><input type=\"hidden\" id=\"_fluentform_3_fluentformnonce\" name=\"_fluentform_3_fluentformnonce\" value=\"ba502e1b00\" \/><input type=\"hidden\" name=\"_wp_http_referer\" value=\"\/hr\/wp-json\/wp\/v2\/pages\/318\" \/><div data-name=\"ff_cn_id_1\"  class='ff-t-container ff-column-container ff_columns_total_2'><div class='ff-t-cell ff-t-column-1' style='flex-basis: 50%;'><div class='ff-el-group'><div class=\"ff-el-input--label ff-el-is-required asterisk-right\"><label for='ff_3_input_text' id='label_ff_3_input_text' aria-label=\"Prvo ime\">Prvo ime<\/label><\/div><div class='ff-el-input--content'><input type=\"text\" name=\"input_text\" class=\"ff-el-form-control\" placeholder=\"Prvo ime*\" data-name=\"input_text\" id=\"ff_3_input_text\"  aria-invalid=\"false\" aria-required=\"true\"><\/div><\/div><\/div><div class='ff-t-cell ff-t-column-2' style='flex-basis: 50%;'><div class='ff-el-group'><div class=\"ff-el-input--label ff-el-is-required asterisk-right\"><label for='ff_3_input_text_1' id='label_ff_3_input_text_1' aria-label=\"prezimlje\">prezimlje<\/label><\/div><div class='ff-el-input--content'><input type=\"text\" name=\"input_text_1\" class=\"ff-el-form-control\" placeholder=\"Prezime*\" data-name=\"input_text_1\" id=\"ff_3_input_text_1\"  aria-invalid=\"false\" aria-required=\"true\"><\/div><\/div><\/div><\/div><div data-name=\"ff_cn_id_2\"  class='ff-t-container ff-column-container ff_columns_total_2'><div class='ff-t-cell ff-t-column-1' style='flex-basis: 50%;'><div class='ff-el-group'><div class=\"ff-el-input--label ff-el-is-required asterisk-right\"><label for='ff_3_input_text_2' id='label_ff_3_input_text_2' aria-label=\"adresa e-po\u0161te\">adresa e-po\u0161te<\/label><\/div><div class='ff-el-input--content'><input type=\"text\" name=\"input_text_2\" class=\"ff-el-form-control\" placeholder=\"Adresa e-po\u0161te*\" data-name=\"input_text_2\" id=\"ff_3_input_text_2\"  aria-invalid=\"false\" aria-required=\"true\"><\/div><\/div><\/div><div class='ff-t-cell ff-t-column-2' style='flex-basis: 50%;'><div class='ff-el-group'><div class=\"ff-el-input--label ff-el-is-required asterisk-right\"><label for='ff_3_input_text_3' id='label_ff_3_input_text_3' aria-label=\"telefonski broj\">telefonski broj<\/label><\/div><div class='ff-el-input--content'><input type=\"text\" name=\"input_text_3\" class=\"ff-el-form-control\" placeholder=\"Telefonski broj*\" data-name=\"input_text_3\" id=\"ff_3_input_text_3\"  aria-invalid=\"false\" aria-required=\"true\"><\/div><\/div><\/div><\/div><div data-name=\"ff_cn_id_3\"  class='ff-t-container ff-column-container ff_columns_total_2'><div class='ff-t-cell ff-t-column-1' style='flex-basis: 50%;'><div class='ff-el-group'><div class=\"ff-el-input--label ff-el-is-required asterisk-right\"><label for='ff_3_description' id='label_ff_3_description' aria-label=\"Va\u0161a poruka\">Va\u0161a poruka<\/label><\/div><div class='ff-el-input--content'><textarea aria-required=\"true\" aria-labelledby=\"label_ff_3_description\" name=\"description\" id=\"ff_3_description\" class=\"ff-el-form-control\" placeholder=\"Va\u0161a poruka*\" rows=\"5\" cols=\"2\" data-name=\"description\" ><\/textarea><\/div><\/div><\/div><div class='ff-t-cell ff-t-column-2' style='flex-basis: 50%;'><div class='ff-el-group bg-white'><div class=\"ff-el-input--label ff-el-is-required asterisk-right\"><label for='ff_3_dropdown' id='label_ff_3_dropdown' aria-label=\"Kako biste \u017eeljeli da vas kontaktiramo?\">Kako biste \u017eeljeli da vas kontaktiramo?<\/label><\/div><div class='ff-el-input--content'><select name=\"dropdown\" id=\"ff_3_dropdown\" class=\"ff-el-form-control\" data-name=\"dropdown\" data-calc_value=\"0\"  aria-invalid=\"false\" aria-required=\"true\" aria-labelledby=\"label_ff_3_dropdown\"><option value=\"\">Molimo odaberite.<\/option><option value=\"per Email\"  >putem e-po\u0161te<\/option><option value=\"per Telefon\"  >telefonom<\/option><\/select><\/div><\/div><\/div><\/div><div data-name=\"ff_cn_id_4\"  class='ff-t-container ff-column-container ff_columns_total_1'><div class='ff-t-cell ff-t-column-1' style='flex-basis: 100%;'><div class='ff-el-group    ff-el-input--content'><div class='ff-el-form-check ff-el-tc'><label aria-label='Va\u0161e osobne podatke obra\u0111ujemo u skladu s \u010dlankom 6. stavkom 1. to\u010dkom b) GDPR-a radi obrade va\u0161eg upita. Dodatne informacije o tome kako postupamo s osobnim podacima, osobito o va\u0161im pravima kao ispitanika, mo\u017eete prona\u0107i u na\u0161im informacijama o za\u0161titi podataka.' class='ff-el-form-check-label ff_tc_label' for=\"gdpr-agreement_1d01353f7d1222f53caf967c76c51b7d\"><span class='ff_tc_checkbox'><input type=\"checkbox\" name=\"gdpr-agreement\" class=\"ff-el-form-check-input ff_gdpr_field\" data-name=\"gdpr-agreement\" id=\"gdpr-agreement_1d01353f7d1222f53caf967c76c51b7d\"  value='on' aria-invalid='false' aria-required=\"true\"><\/span> <div class='ff_t_c'>Va\u0161e osobne podatke obra\u0111ujemo u skladu s \u010dlankom 6. stavkom 1. to\u010dkom b) GDPR-a radi obrade va\u0161eg upita. Dodatne informacije o tome kako postupamo s osobnim podacima, osobito o va\u0161im pravima kao ispitanika, mo\u017eete prona\u0107i u na\u0161im informacijama o za\u0161titi podataka.<\/div><\/label><\/div><\/div><\/div><\/div><div class='ff-el-group ff-text-left ff_submit_btn_wrapper'><button type=\"submit\" class=\"ff-btn ff-btn-submit ff-btn-lg ff_btn_style\"  aria-label=\"po\u0161alji\">po\u0161alji<\/button><\/div><\/fieldset><input type=\"hidden\" name=\"trp-form-language\" value=\"hr\"\/><\/form><div id='fluentform_3_errors' class='ff-errors-in-stack ff_form_instance_3_1 ff-form-loading_errors ff_form_instance_3_1_errors'><\/div><\/div>            <script type=\"text\/javascript\">\n                window.fluent_form_ff_form_instance_3_1 = {\"id\":\"3\",\"ajaxUrl\":\"https:\\\/\\\/die-schulhelfer.de\\\/wp-admin\\\/admin-ajax.php\",\"settings\":{\"layout\":{\"labelPlacement\":\"top\",\"helpMessagePlacement\":\"with_label\",\"errorMessagePlacement\":\"inline\",\"cssClassName\":\"\",\"asteriskPlacement\":\"asterisk-right\"},\"restrictions\":{\"denyEmptySubmission\":{\"enabled\":false}}},\"form_instance\":\"ff_form_instance_3_1\",\"form_id_selector\":\"fluentform_3\",\"rules\":{\"input_text\":{\"required\":{\"value\":true,\"message\":\"Dieses Feld ist erforderlich\",\"global\":false,\"global_message\":\"Dieses Feld ist erforderlich\"}},\"input_text_1\":{\"required\":{\"value\":true,\"message\":\"Dieses Feld ist erforderlich\",\"global\":false,\"global_message\":\"Dieses Feld ist erforderlich\"}},\"input_text_2\":{\"required\":{\"value\":true,\"message\":\"Dieses Feld ist erforderlich\",\"global\":false,\"global_message\":\"Dieses Feld ist erforderlich\"}},\"input_text_3\":{\"required\":{\"value\":true,\"message\":\"Dieses Feld ist erforderlich\",\"global\":false,\"global_message\":\"Dieses Feld ist erforderlich\"}},\"description\":{\"required\":{\"value\":true,\"message\":\"Dieses Feld ist erforderlich\",\"global\":false,\"global_message\":\"Dieses Feld ist erforderlich\"}},\"dropdown\":{\"required\":{\"value\":true,\"message\":\"Dieses Feld ist erforderlich\",\"global\":false,\"global_message\":\"Dieses Feld ist erforderlich\"}},\"gdpr-agreement\":{\"required\":{\"value\":true,\"message\":\"Dieses Feld ist erforderlich\",\"global\":false,\"global_message\":\"Dieses Feld ist erforderlich\"}},\"g-recaptcha-response\":[]},\"debounce_time\":300};\n                            <\/script>\n            <\/p>\n\n\n\n<p class=\"paragraph-c02a26e\">089 500 73 200<\/p>\n<\/div>\n\n\n\n<div class=\"container-c4d4b2c cc-cntr\">\n<h1 class=\"heading-c0fb640\">Upute i adresa<\/h1>\n\n\n\n<div class=\"div-cc1ac8e\">\n<p><strong>\u0160kolski asistenti d.o.o.<\/strong><br>Zurichska ulica 29<br>81476 M\u00fcnchen<br>Telefon: 089-500 73 200<br><a href=\"mailto:info@die-schulhelfer.de\">info@die-schulhelfer.de<\/a><\/p>\n\n\n\n<a class=\"\" href=\"https:\/\/maps.app.goo.gl\/xNw7Jy1To75NqHsL6\" rel=\"noopener\" target=\"_blank\"><strong>Upute<\/strong><br><br>Podzemna stanica U-3 Forstenrieder Allee<br>Izlaz Z\u00fcricherska ulica\/Limmastrasse<br>Autobusne linije 63\/132<\/a>\n\n\n\n<a class=\"button-c458019 box-std cc-btn\" href=\"https:\/\/maps.app.goo.gl\/1Hy5XUAoSWzvYpxr6\" rel=\"noopener\" target=\"_blank\">Upute na Google kartama<\/a>\n<\/div>\n<\/div>\n<\/section>\n\n\n\n<section class=\"section-cee09a3 cc-sct\">\n<div class=\"container-c33a6c3 cc-cntr\">\n<div><\/div>\n<\/div>\n<\/section>","protected":false},"excerpt":{"rendered":"","protected":false},"author":1,"featured_media":0,"parent":0,"menu_order":0,"comment_status":"closed","ping_status":"closed","template":"","meta":{"_acf_changed":false,"footnotes":""},"class_list":["post-318","page","type-page","status-publish","hentry"],"acf":[],"_links":{"self":[{"href":"https:\/\/die-schulhelfer.de\/hr\/wp-json\/wp\/v2\/pages\/318","targetHints":{"allow":["GET"]}}],"collection":[{"href":"https:\/\/die-schulhelfer.de\/hr\/wp-json\/wp\/v2\/pages"}],"about":[{"href":"https:\/\/die-schulhelfer.de\/hr\/wp-json\/wp\/v2\/types\/page"}],"author":[{"embeddable":true,"href":"https:\/\/die-schulhelfer.de\/hr\/wp-json\/wp\/v2\/users\/1"}],"replies":[{"embeddable":true,"href":"https:\/\/die-schulhelfer.de\/hr\/wp-json\/wp\/v2\/comments?post=318"}],"version-history":[{"count":53,"href":"https:\/\/die-schulhelfer.de\/hr\/wp-json\/wp\/v2\/pages\/318\/revisions"}],"predecessor-version":[{"id":983,"href":"https:\/\/die-schulhelfer.de\/hr\/wp-json\/wp\/v2\/pages\/318\/revisions\/983"}],"wp:attachment":[{"href":"https:\/\/die-schulhelfer.de\/hr\/wp-json\/wp\/v2\/media?parent=318"}],"curies":[{"name":"wp","href":"https:\/\/api.w.org\/{rel}","templated":true}]}}