{"id":314,"date":"2023-10-20T13:07:00","date_gmt":"2023-10-20T13:07:00","guid":{"rendered":"https:\/\/die-schulhelfer.de\/?page_id=314"},"modified":"2026-03-30T09:26:50","modified_gmt":"2026-03-30T09:26:50","slug":"tim","status":"publish","type":"page","link":"https:\/\/die-schulhelfer.de\/hr\/team\/","title":{"rendered":"tim"},"content":{"rendered":"<section class=\"section-c09cc55 cc-sct\">\n<div class=\"container-c9d7dc8 cc-cntr\">\n<h1 class=\"heading-ccc504e bg-span\">Na\u0161 <span class=\"cc-span ccz8z3o\">tim<\/span> predstavlja se.<\/h1>\n\n\n\n<div class=\"container-c3159fa cc-cntr\">\n<div class=\"cc-cntr\">\n<p>Mi smo roditelji djece koja su pogo\u0111ena i koja ovise o pomo\u0107i \u0161kolskih asistenata.<\/p>\n\n\n\n<p>Na\u0161 je cilj pru\u017eiti djeci s posebnim potrebama individualiziranu, visokokvalitetnu \u0161kolsku podr\u0161ku.<\/p>\n\n\n\n<p>Vidimo sebe kao partnere roditeljima, u\u010diteljima i terapeutima te usko sura\u0111ujemo s njima kako bismo osigurali najbolju mogu\u0107u podr\u0161ku djetetu.<\/p>\n\n\n\n<p>Na\u0161 tim \u010dine empati\u010dni i predani \u0161kolski asistenti koji imaju opse\u017eno pedago\u0161ko znanje i iskustvo. Veliku va\u017enost pridajemo redovitoj obuci i nadzoru \u010dlanova na\u0161eg tima, koji se sastoji od dje\u010djih psihologa, stru\u010dnjaka za autizam i kvalificiranih edukatora, kako bismo ostali u tijeku i kontinuirano pobolj\u0161avali na\u0161 rad.<\/p>\n\n\n\n<p>Prilikom odabira na\u0161ih \u0161kolskih asistenata osiguravamo da su oni i profesionalno kvalificirani i osobno prikladni. Svaki asistent pa\u017eljivo se odabire i uskla\u0111uje s individualnim potrebama djeteta. Veliku va\u017enost pridajemo tome da se dijete osje\u0107a ugodno sa svojim asistentom i da mo\u017ee izgraditi odnos temeljen na povjerenju.<\/p>\n\n\n\n<p>Na\u0161a \u0161kolska podr\u0161ka obuhva\u0107a razli\u010dita podru\u010dja kao \u0161to su pomo\u0107 u nastavi, organizacija svakodnevnog \u0161kolskog \u017eivota i poticanje socijalnih vje\u0161tina. Usko sura\u0111ujemo s ustanovom i nastavnicima kako bismo potaknuli uspjeh djeteta u u\u010denju i ostvarili individualne obrazovne ciljeve.<\/p>\n\n\n\n<p>Ako tra\u017eite kvalificiranu \u0161kolsku podr\u0161ku za svoje dijete, rado \u0107emo vam pomo\u0107i.<\/p>\n\n\n\n<p>Kontaktirajte nas i radimo zajedno na pronala\u017eenju pravog pratioca za va\u0161e dijete.<\/p>\n<\/div>\n<\/div>\n<\/div>\n<\/section>\n\n\n\n<section class=\"section-cee09a3 cc-sct\">\n<div class=\"container-c33a6c3 cc-cntr\">\n<h2 class=\"heading-c0a197e bg-span\">\u010dlanovi tima<\/h2>\n\n\n\n<div class=\"div-cf049ff\">\n<img loading=\"lazy\" decoding=\"async\" class=\"image-c697a77 cc-img\" src=\"https:\/\/die-schulhelfer.de\/wp-content\/uploads\/2025\/07\/569-A-scaled.jpg\" srcset=\"https:\/\/die-schulhelfer.de\/wp-content\/uploads\/2025\/07\/569-A-scaled.jpg 1200w, https:\/\/die-schulhelfer.de\/wp-content\/uploads\/2025\/07\/569-A-217x300.jpg 217w, https:\/\/die-schulhelfer.de\/wp-content\/uploads\/2025\/07\/569-A-739x1024.jpg 739w, https:\/\/die-schulhelfer.de\/wp-content\/uploads\/2025\/07\/569-A-768x1064.jpg 768w, https:\/\/die-schulhelfer.de\/wp-content\/uploads\/2025\/07\/569-A-1109x1536.jpg 1109w, https:\/\/die-schulhelfer.de\/wp-content\/uploads\/2025\/07\/569-A-9x12.jpg 9w\" sizes=\"auto, (max-width: 1200px) 100vw, 1200px\" width=\"1200\" height=\"1661\" alt=\"\"\/>\n\n\n\n<div>\n<p><strong>Suat G\u00fcnes<\/strong><br>upravljanje<br>Telefon: 089-500 73 206<br>Telefon: 0171-2244900<br><a href=\"mailto:s.guenes@die-schulhelfer.de\">s.guenes@die-schulhelfer.de<\/a><\/p>\n<\/div>\n<\/div>\n\n\n\n<div class=\"div-c9ed641\">\n<img loading=\"lazy\" decoding=\"async\" class=\"image-cf38365 cc-img\" src=\"https:\/\/die-schulhelfer.de\/wp-content\/uploads\/2025\/07\/577-A-scaled.jpg\" srcset=\"https:\/\/die-schulhelfer.de\/wp-content\/uploads\/2025\/07\/577-A-scaled.jpg 1200w, https:\/\/die-schulhelfer.de\/wp-content\/uploads\/2025\/07\/577-A-217x300.jpg 217w, https:\/\/die-schulhelfer.de\/wp-content\/uploads\/2025\/07\/577-A-740x1024.jpg 740w, https:\/\/die-schulhelfer.de\/wp-content\/uploads\/2025\/07\/577-A-768x1063.jpg 768w, https:\/\/die-schulhelfer.de\/wp-content\/uploads\/2025\/07\/577-A-1110x1536.jpg 1110w, https:\/\/die-schulhelfer.de\/wp-content\/uploads\/2025\/07\/577-A-9x12.jpg 9w\" sizes=\"auto, (max-width: 1200px) 100vw, 1200px\" width=\"1200\" height=\"1661\" alt=\"\"\/>\n\n\n\n<div>\n<p><strong>Esma G\u00fcnes<\/strong><br>upravljanje\u00a0<br>Telefon: 089-500 73 200<br>0176-800 499 26<br><a href=\"mailto:e.guenes@die-schulhelfer.de\">e.guenes@die-schulhelfer.de<\/a><\/p>\n<\/div>\n<\/div>\n\n\n\n<div class=\"div-cdf8c35\">\n<img loading=\"lazy\" decoding=\"async\" class=\"image-c2c3b90 cc-img\" src=\"https:\/\/die-schulhelfer.de\/wp-content\/uploads\/2025\/07\/Nico-scaled.jpg\" srcset=\"https:\/\/die-schulhelfer.de\/wp-content\/uploads\/2025\/07\/Nico-scaled.jpg 1200w, https:\/\/die-schulhelfer.de\/wp-content\/uploads\/2025\/07\/Nico-217x300.jpg 217w, https:\/\/die-schulhelfer.de\/wp-content\/uploads\/2025\/07\/Nico-740x1024.jpg 740w, https:\/\/die-schulhelfer.de\/wp-content\/uploads\/2025\/07\/Nico-768x1063.jpg 768w, https:\/\/die-schulhelfer.de\/wp-content\/uploads\/2025\/07\/Nico-1109x1536.jpg 1109w, https:\/\/die-schulhelfer.de\/wp-content\/uploads\/2025\/07\/Nico-9x12.jpg 9w\" sizes=\"auto, (max-width: 1200px) 100vw, 1200px\" width=\"1200\" height=\"1661\" alt=\"\"\/>\n\n\n\n<div>\n<p><strong>Niko Ke\u00dfler<\/strong><br>Nastavnik za u\u010denike s posebnim potrebama (magistar)<\/p>\n\n\n\n<p>Psihoterapeut za djecu i adolescente u obuci (temeljena na psihoanalizi i dubinskoj psihologiji)<br><a href=\"mailto:n.kessler@die-schulhelfer.de\">n.kessler@die-schulhelfer.de<\/a><\/p>\n<\/div>\n<\/div>\n\n\n\n<div class=\"div-c68a4fb\">\n<img loading=\"lazy\" decoding=\"async\" class=\"image-cfe589d cc-img\" src=\"https:\/\/die-schulhelfer.de\/wp-content\/uploads\/2025\/07\/Aleyna-scaled.jpg\" srcset=\"https:\/\/die-schulhelfer.de\/wp-content\/uploads\/2025\/07\/Aleyna-scaled.jpg 1200w, https:\/\/die-schulhelfer.de\/wp-content\/uploads\/2025\/07\/Aleyna-217x300.jpg 217w, https:\/\/die-schulhelfer.de\/wp-content\/uploads\/2025\/07\/Aleyna-739x1024.jpg 739w, https:\/\/die-schulhelfer.de\/wp-content\/uploads\/2025\/07\/Aleyna-768x1064.jpg 768w, https:\/\/die-schulhelfer.de\/wp-content\/uploads\/2025\/07\/Aleyna-1109x1536.jpg 1109w, https:\/\/die-schulhelfer.de\/wp-content\/uploads\/2025\/07\/Aleyna-9x12.jpg 9w\" sizes=\"auto, (max-width: 1200px) 100vw, 1200px\" width=\"1200\" height=\"1662\" alt=\"\"\/>\n\n\n\n<div>\n<p><strong>Aleyna Karahan<\/strong><br>Upravljanje uredom<br>089-500 73 200<br><a href=\"mailto:a.karahan@die-schulhelfer.de\">a.karahan@die-schulhelfer.de<\/a><\/p>\n<\/div>\n<\/div>\n<\/div>\n<\/section>","protected":false},"excerpt":{"rendered":"","protected":false},"author":1,"featured_media":0,"parent":0,"menu_order":0,"comment_status":"closed","ping_status":"closed","template":"","meta":{"_acf_changed":false,"footnotes":""},"class_list":["post-314","page","type-page","status-publish","hentry"],"acf":[],"_links":{"self":[{"href":"https:\/\/die-schulhelfer.de\/hr\/wp-json\/wp\/v2\/pages\/314","targetHints":{"allow":["GET"]}}],"collection":[{"href":"https:\/\/die-schulhelfer.de\/hr\/wp-json\/wp\/v2\/pages"}],"about":[{"href":"https:\/\/die-schulhelfer.de\/hr\/wp-json\/wp\/v2\/types\/page"}],"author":[{"embeddable":true,"href":"https:\/\/die-schulhelfer.de\/hr\/wp-json\/wp\/v2\/users\/1"}],"replies":[{"embeddable":true,"href":"https:\/\/die-schulhelfer.de\/hr\/wp-json\/wp\/v2\/comments?post=314"}],"version-history":[{"count":45,"href":"https:\/\/die-schulhelfer.de\/hr\/wp-json\/wp\/v2\/pages\/314\/revisions"}],"predecessor-version":[{"id":1086,"href":"https:\/\/die-schulhelfer.de\/hr\/wp-json\/wp\/v2\/pages\/314\/revisions\/1086"}],"wp:attachment":[{"href":"https:\/\/die-schulhelfer.de\/hr\/wp-json\/wp\/v2\/media?parent=314"}],"curies":[{"name":"wp","href":"https:\/\/api.w.org\/{rel}","templated":true}]}}