{"id":631,"date":"2024-10-10T08:09:27","date_gmt":"2024-10-10T08:09:27","guid":{"rendered":"https:\/\/die-schulhelfer.de\/?page_id=631"},"modified":"2026-02-23T13:35:57","modified_gmt":"2026-02-23T13:35:57","slug":"home","status":"publish","type":"page","link":"https:\/\/die-schulhelfer.de\/fr\/","title":{"rendered":"Accueil"},"content":{"rendered":"<p><\/p>\n\n\n\n<section class=\"section-c09cc55 cc-sct\">\n<div class=\"container-c9d7dc8 cc-cntr\">\n<div class=\"columns-c950211\">\n<div class=\"column-c8f5ca7 cc-clmn\">\n<h1 class=\"heading-ccc504e bg-span\">Votre partenaire fiable pour l'aide aux enfants et aux jeunes <\/h1>\n\n\n\n<h2 class=\"heading-c1de484 alignleft bg-span\">De nouvelles fronti\u00e8res pour tes<span class=\"cc-span ccz8z3o\">comp\u00e9tences.<\/span> <\/h2>\n\n\n\n<p><strong>Accompagnement scolaire qualifi\u00e9 et accompagnement individuel pour soutenir la vie quotidienne \u00e0 l'\u00e9cole et \u00e0 la garderie.<\/strong><\/p>\n\n\n\n<div class=\"div-c43e090\">\n<a class=\"button-c838e64x button-c3908ec btn-1 cc-btn\" href=\"\/fr\/demande-de-renseignements\/\">Demander un accompagnement scolaire<\/a>\n\n\n\n<a class=\"button-c548228 button-c3908ec btn-1 cc-btn\" href=\"\/fr\/postuler-maintenant\/\">Postuler maintenant<\/a>\n<\/div>\n<\/div>\n\n\n\n<div class=\"column-c65fa07 cc-clmn\">\n<div id=\"video-c7360c3\" class=\"video-cf20238 cc-vid\"><video id=\"video-c7360c3-videoe-local\" src=\"https:\/\/die-schulhelfer.de\/wp-content\/uploads\/2024\/10\/iStock-1067369804.mp4\" autoplay data-autoplay=\"\" data-muted=\"muted\" muted loop playsinline>D\u00e9sol\u00e9, votre navigateur ne supporte pas les vid\u00e9os int\u00e9gr\u00e9es.<\/video><\/div>\n\n\n\n<div class=\"div-c27e6be\">\n<div class=\"div-cdaefd6\">\n<div class=\"div-c3c9ef2\"><\/div>\n\n\n\n<div class=\"div-ce9b620 div-c3c9ef2\"><\/div>\n<\/div>\n<\/div>\n<\/div>\n<\/div>\n<\/div>\n<\/section>\n\n\n\n<section class=\"section-cfe492f section-c09cc55 cc-sct\">\n<div class=\"container-c47ba97 cc-cntr\">\n<p class=\"paragraph-cad6aea\">\u00c0 propos de nous<\/p>\n\n\n\n<h2 class=\"heading-cdbda2a\">Notre engagement pour votre enfant  <\/h2>\n\n\n\n<p class=\"paragraph-cd26b37\">Les enfants et les jeunes handicap\u00e9s sont des individus uniques avec leurs propres besoins, d\u00e9sirs, capacit\u00e9s et projets d'avenir. Il est important de reconna\u00eetre leurs particularit\u00e9s et de leur offrir les m\u00eames chances et possibilit\u00e9s d'inclusion et d'\u00e9ducation qu'\u00e0 tous les autres individus de notre soci\u00e9t\u00e9. Ind\u00e9pendamment de leur statut social, de leur appartenance culturelle ou religieuse, ils m\u00e9ritent un traitement \u00e9gal et un soutien cibl\u00e9 afin d'exploiter pleinement leur potentiel. <\/p>\n\n\n\n<p>C'est pour cela que nous nous engageons pour vous.<\/p>\n\n\n\n<a class=\"button-c3908ec cc-btn\" href=\"https:\/\/die-schulhelfer.de\/fr\/leitbild\/\">en savoir plus<\/a>\n<\/div>\n<\/section>\n\n\n\n<section class=\"section-cb7e241 section-c09cc55 cc-sct\">\n<div class=\"container-c9c3fa3 cc-cntr\">\n<div class=\"columns-c297b6e\">\n<div class=\"column-cc21d2f cc-clmn\">\n<div class=\"div-c5081a8\">\n<div class=\"div-c3e1333\">\n<div class=\"div-c05b0b8\"><\/div>\n\n\n\n<div class=\"div-cf10036 div-c3c9ef2\"><\/div>\n<\/div>\n<\/div>\n\n\n\n<img loading=\"lazy\" decoding=\"async\" class=\"image-c4c7362 cc-img\" src=\"https:\/\/die-schulhelfer.de\/wp-content\/uploads\/2024\/10\/iStock-1413479085.jpg\" srcset=\"https:\/\/die-schulhelfer.de\/wp-content\/uploads\/2024\/10\/iStock-1413479085.jpg 509w, https:\/\/die-schulhelfer.de\/wp-content\/uploads\/2024\/10\/iStock-1413479085-300x200.jpg 300w\" sizes=\"auto, (max-width: 509px) 100vw, 509px\" width=\"509\" height=\"339\" alt=\"\"\/>\n<\/div>\n\n\n\n<div class=\"column-cf41ef4 cc-clmn\">\n<h3 class=\"heading-c327875\">Qu'est-ce que <span class=\"cc-span cc20u2s\">Accompagnement scolaire<\/span>?<\/h3>\n\n\n\n<p class=\"paragraph-c715046\">L'accompagnement scolaire est une offre de soutien pour les enfants souffrant de handicaps dans le contexte scolaire. Les accompagnateurs scolaires, \u00e9galement connus sous le nom d'auxiliaires d'int\u00e9gration, d'assistants scolaires ou d'accompagnateurs individuels, accompagnent ces enfants dans leur vie scolaire quotidienne et leur apportent un soutien individuel adapt\u00e9 \u00e0 leurs besoins. Dans certains cas, les accompagnateurs scolaires sont des professionnels form\u00e9s qui travaillent avec un \u00e9l\u00e8ve dans un rapport 1:1.<\/p>\n\n\n\n<div class=\"cc-cntr\">\n<div id=\"accordion-c547b4a\" class=\"cc-accordion-hidden cc-acd\" data-cc-accordion=\"true\">\n<button id=\"accordionheader-c30b884\" data-cc-accordion-header=\"true\" aria-expanded=\"false\">\n<div class=\"button-c3908ec cc-btn\">en savoir plus<\/div>\n<\/button>\n\n\n\n<div class=\"cc-acdc\" data-cc-accordion-content=\"true\">\n<p>Nos services d'accompagnement scolaire comprennent entre autres<br><br>- Interaction avec les camarades de classe et l'\u00e9cole<br>- Accompagnement pendant les pauses<br>- \u00c9viter les malentendus et servir de m\u00e9diateur en cas de conflit<br>- Permettre la participation aux activit\u00e9s scolaires<br>- R\u00e9duction de la peur du contact<br>- Promotion de la mobilit\u00e9 (par ex. accompagnement pour aller aux toilettes, se laver les mains, d\u00e9jeuner)<br>- Coordination avec les enseignants<br>- Mise \u00e0 disposition d'outils de structuration et d'orientation<br>- Aide \u00e0 l'utilisation de moyens auxiliaires<br>- Permettre des temps d'arr\u00eat, le cas \u00e9ch\u00e9ant<br><br><strong>Notre objectif est d'offrir \u00e0 votre enfant le meilleur soutien possible et de tenir compte de ses besoins individuels dans l'environnement scolaire.<\/strong><\/p>\n<\/div>\n<\/div>\n<\/div>\n<\/div>\n<\/div>\n<\/div>\n<\/section>\n\n\n\n<section class=\"section-c920988 section-c09cc55 cc-sct\">\n<div class=\"container-c1ab365 cc-cntr\">\n<div class=\"columns-c1b2f64 columns-c297b6e\">\n<div class=\"column-c6effb6 column-cf41ef4 cc-clmn\">\n<h3 class=\"heading-c6918d2 heading-c327875\">Qu'est-ce que <span class=\"cc-span cc20u2s\">Accompagnement individuel<\/span>? <\/h3>\n\n\n\n<p class=\"paragraph-c715046\">L'accompagnement individuel ou l'accompagnement KiTa fait r\u00e9f\u00e9rence au soutien suppl\u00e9mentaire apport\u00e9 aux enfants handicap\u00e9s dans les structures d'accueil de jour telles que les cr\u00e8ches, les jardins d'enfants, les garderies, les \u00e9tablissements de pr\u00e9paration \u00e0 la scolarit\u00e9 (EVS) et les centres de jour de p\u00e9dagogie curative (CTP). Les accompagnateurs, appel\u00e9s dans ce contexte accompagnateurs individuels, contribuent \u00e0 ce que ces enfants puissent participer aux activit\u00e9s et \u00e0 la vie quotidienne de l'\u00e9tablissement.<\/p>\n\n\n\n<div class=\"cc-cntr\">\n<div id=\"accordion-c46f7d4\" class=\"cc-accordion-hidden cc-acd\" data-cc-accordion=\"true\">\n<button id=\"accordionheader-ca4dfdc\" data-cc-accordion-header=\"true\" aria-expanded=\"false\">\n<div class=\"button-c3908ec cc-btn\">en savoir plus<\/div>\n<\/button>\n\n\n\n<div class=\"cc-acdc\" data-cc-accordion-content=\"true\">\n<p class=\"paragraph-c27da5e\">Ils aident les enfants \u00e0 accomplir des t\u00e2ches pratiques telles que manger, se changer et aller aux toilettes. De plus, ils aident l'enfant \u00e0 s'orienter dans le b\u00e2timent. La qualification exacte de l'accompagnateur est d\u00e9termin\u00e9e en fonction des besoins individuels de l'enfant.<br><br>Nos prestations d'accompagnement individuel\/en cr\u00e8che comprennent entre autres<br><br>- Instructions et encouragement \u00e0 l'autonomie<br>- Accompagnement dans les t\u00e2ches de la vie quotidienne comme manger, se changer et aller aux toilettes<br>- Aide \u00e0 l'utilisation de moyens auxiliaires tels que d\u00e9ambulateur, fauteuil roulant ou aide \u00e0 la marche<br>- Aide \u00e0 l'orientation dans le b\u00e2timent<br>- Aide en situation de crise<br>- Promotion et organisation de contacts sociaux<br>- Encadrement pendant les activit\u00e9s de loisirs telles que les heures de centre de jour, les pauses, les excursions et les s\u00e9jours en centre scolaire<br>- Soutien dans la mise en \u0153uvre de contenus ludiques et \u00e9ducatifs<br><br><strong>Notre objectif est d'offrir \u00e0 votre enfant le meilleur soutien possible et de tenir compte de ses besoins individuels au sein de la cr\u00e8che.<\/strong><\/p>\n<\/div>\n<\/div>\n<\/div>\n<\/div>\n\n\n\n<div class=\"column-cc21d2f cc-clmn\">\n<img loading=\"lazy\" decoding=\"async\" class=\"image-ca673cf cc-img\" src=\"https:\/\/die-schulhelfer.de\/wp-content\/uploads\/2024\/10\/iStock-875610094.jpg\" srcset=\"https:\/\/die-schulhelfer.de\/wp-content\/uploads\/2024\/10\/iStock-875610094.jpg 508w, https:\/\/die-schulhelfer.de\/wp-content\/uploads\/2024\/10\/iStock-875610094-300x200.jpg 300w\" sizes=\"auto, (max-width: 508px) 100vw, 508px\" width=\"508\" height=\"339\" alt=\"\"\/>\n\n\n\n<div class=\"div-c8ff20c\">\n<div class=\"div-c1ae0fd\">\n<div class=\"div-c84ee59\"><\/div>\n\n\n\n<div class=\"div-ccf965d div-c3c9ef2\"><\/div>\n<\/div>\n<\/div>\n<\/div>\n<\/div>\n<\/div>\n<\/section>\n\n\n\n<section class=\"section-c09cc55 section-cfe492f cc-sct\">\n<div class=\"container-ca2c808 cc-cntr\">\n<div class=\"div-c540938\">\n<h2 class=\"heading-c9c5555\">N'h\u00e9sitez pas \u00e0 nous contacter ! <\/h2>\n\n\n\n<p class=\"paragraph-c443fb0\">N'h\u00e9sitez pas \u00e0 nous contacter.<\/p>\n\n\n\n<div class=\"container-c07a7e8 cc-cntr\">\n<a class=\"button-c8c4c81 cc-btn\" href=\"https:\/\/die-schulhelfer.de\/fr\/postuler-maintenant\/\">Postuler maintenant<\/a>\n\n\n\n<a class=\"button-cca601c button-c3908ec btn-1 cc-btn\" href=\"\/fr\/demande-de-renseignements\/\">Demander un accompagnement scolaire<\/a>\n\n\n\n<a class=\"button-c91ef43 button-c3908ec btn-1 cc-btn\" href=\"https:\/\/die-schulhelfer.de\/fr\/kontakt-only\/\">Contact<\/a>\n<\/div>\n<\/div>\n<\/div>\n<\/section>","protected":false},"excerpt":{"rendered":"","protected":false},"author":1,"featured_media":0,"parent":0,"menu_order":0,"comment_status":"closed","ping_status":"closed","template":"","meta":{"_acf_changed":false,"footnotes":""},"class_list":["post-631","page","type-page","status-publish","hentry"],"acf":[],"_links":{"self":[{"href":"https:\/\/die-schulhelfer.de\/fr\/wp-json\/wp\/v2\/pages\/631","targetHints":{"allow":["GET"]}}],"collection":[{"href":"https:\/\/die-schulhelfer.de\/fr\/wp-json\/wp\/v2\/pages"}],"about":[{"href":"https:\/\/die-schulhelfer.de\/fr\/wp-json\/wp\/v2\/types\/page"}],"author":[{"embeddable":true,"href":"https:\/\/die-schulhelfer.de\/fr\/wp-json\/wp\/v2\/users\/1"}],"replies":[{"embeddable":true,"href":"https:\/\/die-schulhelfer.de\/fr\/wp-json\/wp\/v2\/comments?post=631"}],"version-history":[{"count":54,"href":"https:\/\/die-schulhelfer.de\/fr\/wp-json\/wp\/v2\/pages\/631\/revisions"}],"predecessor-version":[{"id":1045,"href":"https:\/\/die-schulhelfer.de\/fr\/wp-json\/wp\/v2\/pages\/631\/revisions\/1045"}],"wp:attachment":[{"href":"https:\/\/die-schulhelfer.de\/fr\/wp-json\/wp\/v2\/media?parent=631"}],"curies":[{"name":"wp","href":"https:\/\/api.w.org\/{rel}","templated":true}]}}