{"id":380,"date":"2023-10-24T07:57:04","date_gmt":"2023-10-24T07:57:04","guid":{"rendered":"https:\/\/die-schulhelfer.de\/?page_id=380"},"modified":"2024-03-28T07:49:10","modified_gmt":"2024-03-28T07:49:10","slug":"informations-generales","status":"publish","type":"page","link":"https:\/\/die-schulhelfer.de\/fr\/allgemeine-infos\/","title":{"rendered":"Infos g\u00e9n\u00e9rales"},"content":{"rendered":"<section class=\"section-c09cc55 cc-sct\">\n<div class=\"container-c9d7dc8 cc-cntr\">\n<div class=\"columns-c950211\">\n<div class=\"column-c8f5ca7 cc-clmn\">\n<h1 class=\"heading-ccc504e bg-span\">G\u00e9n\u00e9ralit\u00e9s <span class=\"cc-span ccz8z3o\">Infos<\/span> sur le th\u00e8me<\/h1>\n\n\n\n<p>Notre soci\u00e9t\u00e9 et notre syst\u00e8me \u00e9ducatif permettent aux enfants et aux jeunes ayant une limitation mentale, physique ou psychique diagnostiqu\u00e9e de b\u00e9n\u00e9ficier d'un soutien au quotidien.<\/p>\n\n\n\n<p><br>Les enfants et les jeunes concern\u00e9s ont ainsi la possibilit\u00e9 de mieux participer \u00e0 l'enseignement, de mieux apprendre, de mieux s'int\u00e9grer dans la communaut\u00e9 et de r\u00e9aliser ainsi leur plein potentiel.<\/p>\n<\/div>\n\n\n\n<div class=\"column-c65fa07 cc-clmn\">\n<img loading=\"lazy\" decoding=\"async\" class=\"image-c3818d2 cc-img\" src=\"http:\/\/die-schulhelfer.de\/wp-content\/uploads\/2023\/10\/iStock-1054930666.jpg\" srcset=\"https:\/\/die-schulhelfer.de\/wp-content\/uploads\/2023\/10\/iStock-1054930666.jpg 1797w, https:\/\/die-schulhelfer.de\/wp-content\/uploads\/2023\/10\/iStock-1054930666-300x200.jpg 300w, https:\/\/die-schulhelfer.de\/wp-content\/uploads\/2023\/10\/iStock-1054930666-1024x684.jpg 1024w, https:\/\/die-schulhelfer.de\/wp-content\/uploads\/2023\/10\/iStock-1054930666-768x513.jpg 768w, https:\/\/die-schulhelfer.de\/wp-content\/uploads\/2023\/10\/iStock-1054930666-1536x1026.jpg 1536w, https:\/\/die-schulhelfer.de\/wp-content\/uploads\/2023\/10\/iStock-1054930666-2048x1368.jpg 1796w\" sizes=\"auto, (max-width: 1797px) 100vw, 1797px\" width=\"1797\" height=\"1200\" alt=\"Accompagnement scolaire \u00e0 Munich\"\/>\n\n\n\n<div class=\"div-c27e6be\">\n<div class=\"div-cdaefd6\">\n<div class=\"div-c3c9ef2\"><\/div>\n\n\n\n<div class=\"div-ce9b620 div-c3c9ef2\"><\/div>\n<\/div>\n<\/div>\n<\/div>\n<\/div>\n<\/div>\n<\/section>\n\n\n\n<section class=\"section-c2e0304 cc-sct\">\n<div class=\"cc-cntr\">\n<p>Votre auxiliaire scolaire personnel accompagne votre enfant dans sa vie quotidienne en tant qu'accompagnateur scolaire ou individuel.  Nous, les auxiliaires scolaires, vous mettons en contact avec l'accompagnateur scolaire ou individuel appropri\u00e9 pour votre enfant. Une pr\u00e9paration approfondie et optimale en relation avec vous et votre enfant est la priorit\u00e9 absolue.<\/p>\n\n\n\n<p>Nous nous ferons un plaisir de vous conseiller et de vous aider \u00e0 d\u00e9poser votre demande.<\/p>\n\n\n\n<div class=\"div-c43e090\">\n<a class=\"button-c0b7f89 cc-btn\" href=\"https:\/\/die-schulhelfer.de\/fr\/kontakt-only\/\">Prendre contact<\/a>\n<\/div>\n<\/div>\n<\/section>","protected":false},"excerpt":{"rendered":"","protected":false},"author":1,"featured_media":0,"parent":0,"menu_order":0,"comment_status":"closed","ping_status":"closed","template":"","meta":{"_acf_changed":false,"footnotes":""},"class_list":["post-380","page","type-page","status-publish","hentry"],"acf":[],"_links":{"self":[{"href":"https:\/\/die-schulhelfer.de\/fr\/wp-json\/wp\/v2\/pages\/380","targetHints":{"allow":["GET"]}}],"collection":[{"href":"https:\/\/die-schulhelfer.de\/fr\/wp-json\/wp\/v2\/pages"}],"about":[{"href":"https:\/\/die-schulhelfer.de\/fr\/wp-json\/wp\/v2\/types\/page"}],"author":[{"embeddable":true,"href":"https:\/\/die-schulhelfer.de\/fr\/wp-json\/wp\/v2\/users\/1"}],"replies":[{"embeddable":true,"href":"https:\/\/die-schulhelfer.de\/fr\/wp-json\/wp\/v2\/comments?post=380"}],"version-history":[{"count":2,"href":"https:\/\/die-schulhelfer.de\/fr\/wp-json\/wp\/v2\/pages\/380\/revisions"}],"predecessor-version":[{"id":386,"href":"https:\/\/die-schulhelfer.de\/fr\/wp-json\/wp\/v2\/pages\/380\/revisions\/386"}],"wp:attachment":[{"href":"https:\/\/die-schulhelfer.de\/fr\/wp-json\/wp\/v2\/media?parent=380"}],"curies":[{"name":"wp","href":"https:\/\/api.w.org\/{rel}","templated":true}]}}