{"id":351,"date":"2023-10-24T05:54:43","date_gmt":"2023-10-24T05:54:43","guid":{"rendered":"https:\/\/die-schulhelfer.de\/?page_id=351"},"modified":"2024-10-10T11:22:55","modified_gmt":"2024-10-10T11:22:55","slug":"charte","status":"publish","type":"page","link":"https:\/\/die-schulhelfer.de\/fr\/leitbild\/","title":{"rendered":"Charte"},"content":{"rendered":"<section class=\"section-c09cc55 cc-sct\">\n<div class=\"container-c9d7dc8 cc-cntr\">\n<div class=\"columns-c950211\">\n<div class=\"column-c8f5ca7 cc-clmn\">\n<h1 class=\"heading-ccc504e bg-span\"><span class=\"cc-span ccz8z3o\">Mission et valeurs<\/span><\/h1>\n\n\n\n<p>Notre soci\u00e9t\u00e9 et notre syst\u00e8me \u00e9ducatif permettent aux enfants et aux adolescents scolaris\u00e9s ayant une d\u00e9ficience mentale, physique ou psychique diagnostiqu\u00e9e de b\u00e9n\u00e9ficier d'un soutien au quotidien.<\/p>\n\n\n\n<p>Quelles que soient leurs limitations ou leurs d\u00e9ficiences, ils m\u00e9ritent l'\u00e9galit\u00e9 de traitement et ont le droit d'\u00eatre soutenus afin d'exploiter pleinement leur potentiel.<\/p>\n\n\n\n<p>L'inclusion permet aux enfants et aux jeunes concern\u00e9s de mieux suivre les cours, de mieux apprendre, de mieux s'int\u00e9grer dans la communaut\u00e9 et donc de mieux participer \u00e0 la vie sociale.<\/p>\n\n\n\n<p><strong>Nous nous ferons un plaisir de vous conseiller et de vous aider \u00e0 d\u00e9poser votre demande.<\/strong><\/p>\n<\/div>\n\n\n\n<div class=\"column-c65fa07 cc-clmn\">\n<img loading=\"lazy\" decoding=\"async\" class=\"image-c3818d2 cc-img\" src=\"https:\/\/die-schulhelfer.de\/wp-content\/uploads\/2024\/10\/iStock-1433288527.jpg\" srcset=\"https:\/\/die-schulhelfer.de\/wp-content\/uploads\/2024\/10\/iStock-1433288527.jpg 509w, https:\/\/die-schulhelfer.de\/wp-content\/uploads\/2024\/10\/iStock-1433288527-300x200.jpg 300w\" sizes=\"auto, (max-width: 509px) 100vw, 509px\" width=\"509\" height=\"339\" alt=\"\"\/>\n\n\n\n<div class=\"div-c27e6be\">\n<div class=\"div-cdaefd6\">\n<div class=\"div-c3c9ef2\"><\/div>\n\n\n\n<div class=\"div-ce9b620 div-c3c9ef2\"><\/div>\n<\/div>\n<\/div>\n<\/div>\n<\/div>\n<\/div>\n<\/section>\n\n\n\n<section class=\"section-c1e51f7 cc-sct\">\n<div class=\"container-cc701f9 cc-cntr\">\n<div class=\"columns-ccfa043\">\n<div class=\"column-c347f0a cc-clmn\">\n<img loading=\"lazy\" decoding=\"async\" class=\"image-c337ce7 cc-img\" src=\"https:\/\/die-schulhelfer.de\/wp-content\/uploads\/2023\/10\/iStock-1054793552.jpg\" srcset=\"https:\/\/die-schulhelfer.de\/wp-content\/uploads\/2023\/10\/iStock-1054793552.jpg 1797w, https:\/\/die-schulhelfer.de\/wp-content\/uploads\/2023\/10\/iStock-1054793552-300x200.jpg 300w, https:\/\/die-schulhelfer.de\/wp-content\/uploads\/2023\/10\/iStock-1054793552-1024x684.jpg 1024w, https:\/\/die-schulhelfer.de\/wp-content\/uploads\/2023\/10\/iStock-1054793552-768x513.jpg 768w, https:\/\/die-schulhelfer.de\/wp-content\/uploads\/2023\/10\/iStock-1054793552-1536x1026.jpg 1536w, https:\/\/die-schulhelfer.de\/wp-content\/uploads\/2023\/10\/iStock-1054793552-2048x1368.jpg 1796w\" sizes=\"auto, (max-width: 1797px) 100vw, 1797px\" width=\"1797\" height=\"1200\" alt=\"schoolassist\"\/>\n\n\n\n<div class=\"div-ceec4ed\">\n<div class=\"div-cb7622b\">\n<div class=\"div-cc0cfc0\"><\/div>\n\n\n\n<div class=\"div-cb8fbcc div-c3c9ef2\"><\/div>\n<\/div>\n<\/div>\n<\/div>\n\n\n\n<div class=\"column-c277e4b cc-clmn\">\n<p>Votre auxiliaire scolaire personnel accompagne votre enfant dans sa vie quotidienne en tant qu'accompagnateur scolaire ou individuel. Nous, les auxiliaires scolaires, vous mettons en contact avec l'accompagnateur scolaire ou individuel appropri\u00e9 pour votre enfant.&nbsp;<\/p>\n\n\n\n<p>Les enfants et les jeunes handicap\u00e9s sont des individus uniques avec leurs propres besoins, d\u00e9sirs, capacit\u00e9s, mais aussi difficult\u00e9s. Il est important de reconna\u00eetre leur individualit\u00e9 et de leur offrir les m\u00eames chances et possibilit\u00e9s qu'aux autres personnes de notre soci\u00e9t\u00e9. Gr\u00e2ce \u00e0 un accompagnement scolaire ad\u00e9quat, il est possible de compenser les obstacles existants de l'enfant et de l'aider \u00e0 d\u00e9velopper ses capacit\u00e9s.&nbsp;<\/p>\n\n\n\n<p>Notre&nbsp;<strong class=\"\">Objectif<\/strong>&nbsp;est de cr\u00e9er un environnement positif et de soutien dans lequel les enfants concern\u00e9s peuvent se d\u00e9velopper en permanence. Chaque enfant a le potentiel de se d\u00e9velopper sur le plan personnel, social et scolaire, et nous souhaitons apporter notre contribution \u00e0 ce d\u00e9veloppement.<\/p>\n\n\n\n<p>Gr\u00e2ce \u00e0 notre&nbsp;<strong class=\"\">Service<\/strong>&nbsp;nous renfor\u00e7ons la confiance des enfants et des jeunes en nous et, par cons\u00e9quent, en eux-m\u00eames. Nous leur offrons un accompagnement s\u00fbr et fiable, dans lequel ils peuvent se sentir \u00e0 l'aise et prot\u00e9g\u00e9s. Gr\u00e2ce \u00e0 une aide et un soutien cibl\u00e9s, nous les aidons \u00e0 d\u00e9couvrir et \u00e0 d\u00e9velopper leurs points forts individuels. Une pr\u00e9paration approfondie et optimale en relation avec vous et votre enfant est ici la priorit\u00e9 absolue.<\/p>\n\n\n\n<p>Nous les tenons r\u00e9guli\u00e8rement inform\u00e9s des progr\u00e8s de leur enfant et sommes \u00e0 leur disposition en tant que personnes de contact.<\/p>\n\n\n\n<p>Le site&nbsp;<strong class=\"\">Responsables d'\u00e9cole et de classe<\/strong>&nbsp;comptent sur notre collaboration. Les auxiliaires scolaires apportent une contribution pr\u00e9cieuse \u00e0 la formation et au d\u00e9veloppement de la communaut\u00e9 sociale de l'\u00e9cole et, \u00e0 la demande de l'\u00e9cole, ils assurent \u00e9galement un soutien continu aux enseignants dans la classe ou le groupe.<\/p>\n<\/div>\n<\/div>\n<\/div>\n<\/section>","protected":false},"excerpt":{"rendered":"","protected":false},"author":1,"featured_media":0,"parent":0,"menu_order":0,"comment_status":"closed","ping_status":"closed","template":"","meta":{"_acf_changed":false,"footnotes":""},"class_list":["post-351","page","type-page","status-publish","hentry"],"acf":[],"_links":{"self":[{"href":"https:\/\/die-schulhelfer.de\/fr\/wp-json\/wp\/v2\/pages\/351","targetHints":{"allow":["GET"]}}],"collection":[{"href":"https:\/\/die-schulhelfer.de\/fr\/wp-json\/wp\/v2\/pages"}],"about":[{"href":"https:\/\/die-schulhelfer.de\/fr\/wp-json\/wp\/v2\/types\/page"}],"author":[{"embeddable":true,"href":"https:\/\/die-schulhelfer.de\/fr\/wp-json\/wp\/v2\/users\/1"}],"replies":[{"embeddable":true,"href":"https:\/\/die-schulhelfer.de\/fr\/wp-json\/wp\/v2\/comments?post=351"}],"version-history":[{"count":18,"href":"https:\/\/die-schulhelfer.de\/fr\/wp-json\/wp\/v2\/pages\/351\/revisions"}],"predecessor-version":[{"id":681,"href":"https:\/\/die-schulhelfer.de\/fr\/wp-json\/wp\/v2\/pages\/351\/revisions\/681"}],"wp:attachment":[{"href":"https:\/\/die-schulhelfer.de\/fr\/wp-json\/wp\/v2\/media?parent=351"}],"curies":[{"name":"wp","href":"https:\/\/api.w.org\/{rel}","templated":true}]}}