{"id":631,"date":"2024-10-10T08:09:27","date_gmt":"2024-10-10T08:09:27","guid":{"rendered":"https:\/\/die-schulhelfer.de\/?page_id=631"},"modified":"2026-02-23T13:35:57","modified_gmt":"2026-02-23T13:35:57","slug":"home","status":"publish","type":"page","link":"https:\/\/die-schulhelfer.de\/es\/","title":{"rendered":"Inicio"},"content":{"rendered":"<p><\/p>\n\n\n\n<section class=\"section-c09cc55 cc-sct\">\n<div class=\"container-c9d7dc8 cc-cntr\">\n<div class=\"columns-c950211\">\n<div class=\"column-c8f5ca7 cc-clmn\">\n<h1 class=\"heading-ccc504e bg-span\">Su organizaci\u00f3n de bienestar infantil y juvenil de confianza <\/h1>\n\n\n\n<h2 class=\"heading-c1de484 alignleft bg-span\">Nuevos l\u00edmites para su<span class=\"cc-span ccz8z3o\">Habilidades.<\/span> <\/h2>\n\n\n\n<p><strong>Apoyo escolar cualificado y ayuda individual para la vida cotidiana en la escuela y la guarder\u00eda.<\/strong><\/p>\n\n\n\n<div class=\"div-c43e090\">\n<a class=\"button-c838e64x button-c3908ec btn-1 cc-btn\" href=\"\/es\/consulta\/\">Solicitar apoyo escolar<\/a>\n\n\n\n<a class=\"button-c548228 button-c3908ec btn-1 cc-btn\" href=\"\/es\/solicitar-ahora\/\">Solicitar ahora<\/a>\n<\/div>\n<\/div>\n\n\n\n<div class=\"column-c65fa07 cc-clmn\">\n<div id=\"video-c7360c3\" class=\"video-cf20238 cc-vid\"><video id=\"video-c7360c3-videoe-local\" src=\"https:\/\/die-schulhelfer.de\/wp-content\/uploads\/2024\/10\/iStock-1067369804.mp4\" autoplay data-autoplay=\"\" data-muted=\"muted\" muted loop playsinline>Lo sentimos, su navegador no admite v\u00eddeos incrustados.<\/video><\/div>\n\n\n\n<div class=\"div-c27e6be\">\n<div class=\"div-cdaefd6\">\n<div class=\"div-c3c9ef2\"><\/div>\n\n\n\n<div class=\"div-ce9b620 div-c3c9ef2\"><\/div>\n<\/div>\n<\/div>\n<\/div>\n<\/div>\n<\/div>\n<\/section>\n\n\n\n<section class=\"section-cfe492f section-c09cc55 cc-sct\">\n<div class=\"container-c47ba97 cc-cntr\">\n<p class=\"paragraph-cad6aea\">Qui\u00e9nes somos<\/p>\n\n\n\n<h2 class=\"heading-cdbda2a\">Nuestro compromiso con su hijo  <\/h2>\n\n\n\n<p class=\"paragraph-cd26b37\">Los ni\u00f1os y j\u00f3venes con discapacidad son individuos \u00fanicos con sus propias necesidades, deseos, capacidades y planes de futuro. Es importante reconocer sus caracter\u00edsticas especiales y ofrecerles las mismas oportunidades y posibilidades de inclusi\u00f3n y educaci\u00f3n que a todas las dem\u00e1s personas de nuestra sociedad. Independientemente de su condici\u00f3n social, cultural o religiosa, merecen el mismo trato y un apoyo espec\u00edfico para desarrollar todo su potencial. <\/p>\n\n\n\n<p>Nos comprometemos a hacerlo por usted.<\/p>\n\n\n\n<a class=\"button-c3908ec cc-btn\" href=\"https:\/\/die-schulhelfer.de\/es\/leitbild\/\">saber m\u00e1s<\/a>\n<\/div>\n<\/section>\n\n\n\n<section class=\"section-cb7e241 section-c09cc55 cc-sct\">\n<div class=\"container-c9c3fa3 cc-cntr\">\n<div class=\"columns-c297b6e\">\n<div class=\"column-cc21d2f cc-clmn\">\n<div class=\"div-c5081a8\">\n<div class=\"div-c3e1333\">\n<div class=\"div-c05b0b8\"><\/div>\n\n\n\n<div class=\"div-cf10036 div-c3c9ef2\"><\/div>\n<\/div>\n<\/div>\n\n\n\n<img loading=\"lazy\" decoding=\"async\" class=\"image-c4c7362 cc-img\" src=\"https:\/\/die-schulhelfer.de\/wp-content\/uploads\/2024\/10\/iStock-1413479085.jpg\" srcset=\"https:\/\/die-schulhelfer.de\/wp-content\/uploads\/2024\/10\/iStock-1413479085.jpg 509w, https:\/\/die-schulhelfer.de\/wp-content\/uploads\/2024\/10\/iStock-1413479085-300x200.jpg 300w\" sizes=\"auto, (max-width: 509px) 100vw, 509px\" width=\"509\" height=\"339\" alt=\"\"\/>\n<\/div>\n\n\n\n<div class=\"column-cf41ef4 cc-clmn\">\n<h3 class=\"heading-c327875\">\u00bfQu\u00e9 es la <span class=\"cc-span cc20u2s\">Apoyo escolar<\/span>?<\/h3>\n\n\n\n<p class=\"paragraph-c715046\">El acompa\u00f1amiento escolar es un programa de apoyo a ni\u00f1os con discapacidad en el contexto escolar. Los acompa\u00f1antes escolares, tambi\u00e9n conocidos como ayudantes de integraci\u00f3n, asistentes escolares o acompa\u00f1antes individuales, acompa\u00f1an a estos ni\u00f1os en su vida escolar cotidiana y les prestan un apoyo individualizado y adaptado a sus necesidades. En algunos casos, los acompa\u00f1antes escolares son especialistas formados que trabajan individualmente con un alumno.<\/p>\n\n\n\n<div class=\"cc-cntr\">\n<div id=\"accordion-c547b4a\" class=\"cc-accordion-hidden cc-acd\" data-cc-accordion=\"true\">\n<button id=\"accordionheader-c30b884\" data-cc-accordion-header=\"true\" aria-expanded=\"false\">\n<div class=\"button-c3908ec cc-btn\">saber m\u00e1s<\/div>\n<\/button>\n\n\n\n<div class=\"cc-acdc\" data-cc-accordion-content=\"true\">\n<p>Nuestros servicios de orientaci\u00f3n escolar incluyen, entre otras cosas<br><br>- Interacci\u00f3n con los compa\u00f1eros y la escuela<br>- Acompa\u00f1amiento durante las pausas<br>- Evitar malentendidos y mediar en conflictos<br>- Permitir la participaci\u00f3n en actividades escolares<br>- Reducir el miedo al contacto<br>- Fomento de la movilidad (por ejemplo, acompa\u00f1amiento para ir al ba\u00f1o, lavarse las manos, comer)<br>- Coordinaci\u00f3n con los profesores<br>- Suministro de ayudas a la estructuraci\u00f3n y orientaci\u00f3n<br>- Apoyo con el uso de ayudas<br>- Habilitar tiempos de espera si es necesario<br><br><strong>Nuestro objetivo es ofrecer a su hijo el mejor apoyo posible y tener en cuenta sus necesidades individuales en el entorno escolar.<\/strong><\/p>\n<\/div>\n<\/div>\n<\/div>\n<\/div>\n<\/div>\n<\/div>\n<\/section>\n\n\n\n<section class=\"section-c920988 section-c09cc55 cc-sct\">\n<div class=\"container-c1ab365 cc-cntr\">\n<div class=\"columns-c1b2f64 columns-c297b6e\">\n<div class=\"column-c6effb6 column-cf41ef4 cc-clmn\">\n<h3 class=\"heading-c6918d2 heading-c327875\">\u00bfQu\u00e9 es la <span class=\"cc-span cc20u2s\">Apoyo individual<\/span>? <\/h3>\n\n\n\n<p class=\"paragraph-c715046\">El acompa\u00f1amiento individual o acompa\u00f1amiento KiTa se refiere al apoyo adicional que reciben los ni\u00f1os discapacitados en los centros de d\u00eda, como guarder\u00edas, jardines de infancia, centros de atenci\u00f3n extraescolar, centros de educaci\u00f3n preescolar (SVE) y centros de d\u00eda de educaci\u00f3n curativa (HPT). Los acompa\u00f1antes, que en este contexto se denominan acompa\u00f1antes individuales, contribuyen a que estos ni\u00f1os puedan participar en las actividades y en la vida cotidiana del centro.<\/p>\n\n\n\n<div class=\"cc-cntr\">\n<div id=\"accordion-c46f7d4\" class=\"cc-accordion-hidden cc-acd\" data-cc-accordion=\"true\">\n<button id=\"accordionheader-ca4dfdc\" data-cc-accordion-header=\"true\" aria-expanded=\"false\">\n<div class=\"button-c3908ec cc-btn\">saber m\u00e1s<\/div>\n<\/button>\n\n\n\n<div class=\"cc-acdc\" data-cc-accordion-content=\"true\">\n<p class=\"paragraph-c27da5e\">Ayudan a los ni\u00f1os en tareas pr\u00e1cticas como comer, cambiarse o ir al ba\u00f1o. Tambi\u00e9n ayudan al ni\u00f1o a orientarse en el edificio. Las cualificaciones exactas del acompa\u00f1ante se determinan en funci\u00f3n de las necesidades individuales del ni\u00f1o.<br><br>Nuestros servicios en el \u00e1mbito del apoyo individual\/apoyo a centros de d\u00eda incluyen<br><br>- Orientaci\u00f3n y apoyo para la independencia<br>- Asistencia en tareas pr\u00e1cticas de la vida diaria como comer, cambiarse y asearse<br>- Ayuda con el uso de dispositivos auxiliares, como un andador, una silla de ruedas o andadores.<br>- Ayuda para orientarse en el edificio<br>- Ayuda en situaciones de crisis<br>- Promover y organizar contactos sociales<br>- Supervisi\u00f3n durante las actividades de ocio, como el horario del centro de d\u00eda, los recreos, las excursiones y los viajes escolares.<br>- Apoyo a la realizaci\u00f3n de contenidos l\u00fadicos y pedag\u00f3gicos<br><br><strong>Nuestro objetivo es ofrecer a su hijo el mejor apoyo posible y tener en cuenta sus necesidades individuales en la guarder\u00eda.<\/strong><\/p>\n<\/div>\n<\/div>\n<\/div>\n<\/div>\n\n\n\n<div class=\"column-cc21d2f cc-clmn\">\n<img loading=\"lazy\" decoding=\"async\" class=\"image-ca673cf cc-img\" src=\"https:\/\/die-schulhelfer.de\/wp-content\/uploads\/2024\/10\/iStock-875610094.jpg\" srcset=\"https:\/\/die-schulhelfer.de\/wp-content\/uploads\/2024\/10\/iStock-875610094.jpg 508w, https:\/\/die-schulhelfer.de\/wp-content\/uploads\/2024\/10\/iStock-875610094-300x200.jpg 300w\" sizes=\"auto, (max-width: 508px) 100vw, 508px\" width=\"508\" height=\"339\" alt=\"\"\/>\n\n\n\n<div class=\"div-c8ff20c\">\n<div class=\"div-c1ae0fd\">\n<div class=\"div-c84ee59\"><\/div>\n\n\n\n<div class=\"div-ccf965d div-c3c9ef2\"><\/div>\n<\/div>\n<\/div>\n<\/div>\n<\/div>\n<\/div>\n<\/section>\n\n\n\n<section class=\"section-c09cc55 section-cfe492f cc-sct\">\n<div class=\"container-ca2c808 cc-cntr\">\n<div class=\"div-c540938\">\n<h2 class=\"heading-c9c5555\">P\u00f3ngase en contacto con nosotros <\/h2>\n\n\n\n<p class=\"paragraph-c443fb0\">Esperamos sus noticias.<\/p>\n\n\n\n<div class=\"container-c07a7e8 cc-cntr\">\n<a class=\"button-c8c4c81 cc-btn\" href=\"https:\/\/die-schulhelfer.de\/es\/solicitar-ahora\/\">Solicitar ahora<\/a>\n\n\n\n<a class=\"button-cca601c button-c3908ec btn-1 cc-btn\" href=\"\/es\/consulta\/\">Solicitar apoyo escolar<\/a>\n\n\n\n<a class=\"button-c91ef43 button-c3908ec btn-1 cc-btn\" href=\"https:\/\/die-schulhelfer.de\/es\/kontakt-only\/\">P\u00f3ngase en contacto con nosotros<\/a>\n<\/div>\n<\/div>\n<\/div>\n<\/section>","protected":false},"excerpt":{"rendered":"","protected":false},"author":1,"featured_media":0,"parent":0,"menu_order":0,"comment_status":"closed","ping_status":"closed","template":"","meta":{"_acf_changed":false,"footnotes":""},"class_list":["post-631","page","type-page","status-publish","hentry"],"acf":[],"_links":{"self":[{"href":"https:\/\/die-schulhelfer.de\/es\/wp-json\/wp\/v2\/pages\/631","targetHints":{"allow":["GET"]}}],"collection":[{"href":"https:\/\/die-schulhelfer.de\/es\/wp-json\/wp\/v2\/pages"}],"about":[{"href":"https:\/\/die-schulhelfer.de\/es\/wp-json\/wp\/v2\/types\/page"}],"author":[{"embeddable":true,"href":"https:\/\/die-schulhelfer.de\/es\/wp-json\/wp\/v2\/users\/1"}],"replies":[{"embeddable":true,"href":"https:\/\/die-schulhelfer.de\/es\/wp-json\/wp\/v2\/comments?post=631"}],"version-history":[{"count":54,"href":"https:\/\/die-schulhelfer.de\/es\/wp-json\/wp\/v2\/pages\/631\/revisions"}],"predecessor-version":[{"id":1045,"href":"https:\/\/die-schulhelfer.de\/es\/wp-json\/wp\/v2\/pages\/631\/revisions\/1045"}],"wp:attachment":[{"href":"https:\/\/die-schulhelfer.de\/es\/wp-json\/wp\/v2\/media?parent=631"}],"curies":[{"name":"wp","href":"https:\/\/api.w.org\/{rel}","templated":true}]}}