{"id":380,"date":"2023-10-24T07:57:04","date_gmt":"2023-10-24T07:57:04","guid":{"rendered":"https:\/\/die-schulhelfer.de\/?page_id=380"},"modified":"2024-03-28T07:49:10","modified_gmt":"2024-03-28T07:49:10","slug":"informacion-general","status":"publish","type":"page","link":"https:\/\/die-schulhelfer.de\/es\/allgemeine-infos\/","title":{"rendered":"Informaci\u00f3n general"},"content":{"rendered":"<section class=\"section-c09cc55 cc-sct\">\n<div class=\"container-c9d7dc8 cc-cntr\">\n<div class=\"columns-c950211\">\n<div class=\"column-c8f5ca7 cc-clmn\">\n<h1 class=\"heading-ccc504e bg-span\">General <span class=\"cc-span ccz8z3o\">Informaci\u00f3n<\/span> al tema<\/h1>\n\n\n\n<p>Nuestra sociedad y nuestro sistema educativo hacen posible que los ni\u00f1os y j\u00f3venes con una discapacidad mental, f\u00edsica o psicol\u00f3gica diagnosticada reciban apoyo en la vida cotidiana.<\/p>\n\n\n\n<p><br>Esto permite a los ni\u00f1os y j\u00f3venes afectados participar mejor en las clases, aprender mejor, integrarse mejor en la comunidad y desarrollar as\u00ed todo su potencial.<\/p>\n<\/div>\n\n\n\n<div class=\"column-c65fa07 cc-clmn\">\n<img loading=\"lazy\" decoding=\"async\" class=\"image-c3818d2 cc-img\" src=\"http:\/\/die-schulhelfer.de\/wp-content\/uploads\/2023\/10\/iStock-1054930666.jpg\" srcset=\"https:\/\/die-schulhelfer.de\/wp-content\/uploads\/2023\/10\/iStock-1054930666.jpg 1797w, https:\/\/die-schulhelfer.de\/wp-content\/uploads\/2023\/10\/iStock-1054930666-300x200.jpg 300w, https:\/\/die-schulhelfer.de\/wp-content\/uploads\/2023\/10\/iStock-1054930666-1024x684.jpg 1024w, https:\/\/die-schulhelfer.de\/wp-content\/uploads\/2023\/10\/iStock-1054930666-768x513.jpg 768w, https:\/\/die-schulhelfer.de\/wp-content\/uploads\/2023\/10\/iStock-1054930666-1536x1026.jpg 1536w, https:\/\/die-schulhelfer.de\/wp-content\/uploads\/2023\/10\/iStock-1054930666-2048x1368.jpg 1796w\" sizes=\"auto, (max-width: 1797px) 100vw, 1797px\" width=\"1797\" height=\"1200\" alt=\"Orientaci\u00f3n escolar M\u00fanich\"\/>\n\n\n\n<div class=\"div-c27e6be\">\n<div class=\"div-cdaefd6\">\n<div class=\"div-c3c9ef2\"><\/div>\n\n\n\n<div class=\"div-ce9b620 div-c3c9ef2\"><\/div>\n<\/div>\n<\/div>\n<\/div>\n<\/div>\n<\/div>\n<\/section>\n\n\n\n<section class=\"section-c2e0304 cc-sct\">\n<div class=\"cc-cntr\">\n<p>Su ayudante escolar personal acompa\u00f1a a su hijo en la vida cotidiana como acompa\u00f1ante escolar o individual.  Nosotros, los ayudantes escolares, encontraremos el acompa\u00f1ante escolar o individual adecuado para su hijo. Una preparaci\u00f3n amplia y \u00f3ptima en relaci\u00f3n con usted y su hijo es nuestra m\u00e1xima prioridad.<\/p>\n\n\n\n<p>Estaremos encantados de asesorarle sobre el proceso de solicitud.<\/p>\n\n\n\n<div class=\"div-c43e090\">\n<a class=\"button-c0b7f89 cc-btn\" href=\"https:\/\/die-schulhelfer.de\/es\/kontakt-only\/\">P\u00f3ngase en contacto con nosotros<\/a>\n<\/div>\n<\/div>\n<\/section>","protected":false},"excerpt":{"rendered":"","protected":false},"author":1,"featured_media":0,"parent":0,"menu_order":0,"comment_status":"closed","ping_status":"closed","template":"","meta":{"_acf_changed":false,"footnotes":""},"class_list":["post-380","page","type-page","status-publish","hentry"],"acf":[],"_links":{"self":[{"href":"https:\/\/die-schulhelfer.de\/es\/wp-json\/wp\/v2\/pages\/380","targetHints":{"allow":["GET"]}}],"collection":[{"href":"https:\/\/die-schulhelfer.de\/es\/wp-json\/wp\/v2\/pages"}],"about":[{"href":"https:\/\/die-schulhelfer.de\/es\/wp-json\/wp\/v2\/types\/page"}],"author":[{"embeddable":true,"href":"https:\/\/die-schulhelfer.de\/es\/wp-json\/wp\/v2\/users\/1"}],"replies":[{"embeddable":true,"href":"https:\/\/die-schulhelfer.de\/es\/wp-json\/wp\/v2\/comments?post=380"}],"version-history":[{"count":2,"href":"https:\/\/die-schulhelfer.de\/es\/wp-json\/wp\/v2\/pages\/380\/revisions"}],"predecessor-version":[{"id":386,"href":"https:\/\/die-schulhelfer.de\/es\/wp-json\/wp\/v2\/pages\/380\/revisions\/386"}],"wp:attachment":[{"href":"https:\/\/die-schulhelfer.de\/es\/wp-json\/wp\/v2\/media?parent=380"}],"curies":[{"name":"wp","href":"https:\/\/api.w.org\/{rel}","templated":true}]}}