{"id":201,"date":"2023-10-19T14:36:13","date_gmt":"2023-10-19T14:36:13","guid":{"rendered":"https:\/\/die-schulhelfer.de\/?page_id=201"},"modified":"2025-07-30T11:02:00","modified_gmt":"2025-07-30T11:02:00","slug":"proceso-de-solicitud","status":"publish","type":"page","link":"https:\/\/die-schulhelfer.de\/es\/antragsablauf\/","title":{"rendered":"Proceso de solicitud"},"content":{"rendered":"<section class=\"section-c240b05 cc-sct\">\n<div class=\"container-c9d7dc8 cc-cntr\">\n<div class=\"columns-c950211\">\n<div class=\"column-c8f5ca7 cc-clmn\">\n<h1 class=\"heading-ccc504e bg-span\"><span class=\"cc-span ccz8z3o\">Proceso de solicitud<\/span><\/h1>\n\n\n\n<p>La base del derecho a la ayuda individual, el apoyo escolar y el apoyo a los estudios o la carrera profesional se regula en el C\u00f3digo Social alem\u00e1n (SGB). Los ni\u00f1os con discapacidades f\u00edsicas o mentales tienen derecho a prestaciones para la participaci\u00f3n en la educaci\u00f3n de conformidad con el \u00a7112 SGB IX. <\/p>\n\n\n\n<p>Para los ni\u00f1os con deficiencias mentales en \u00e1mbitos como el TDAH, el TDA, el trastorno del espectro autista, el trastorno grave de la comunicaci\u00f3n o el comportamiento gravemente desafiante, la normativa exacta se establece en el art\u00edculo 35a SGB VIII \"Ayuda a la integraci\u00f3n para ni\u00f1os y j\u00f3venes con discapacidad mental\".<\/p>\n<\/div>\n\n\n\n<div class=\"column-c65fa07 cc-clmn\">\n<img loading=\"lazy\" decoding=\"async\" class=\"image-c3818d2 cc-img\" src=\"http:\/\/die-schulhelfer.de\/wp-content\/uploads\/2023\/10\/iStock-1413600876.jpg\" srcset=\"https:\/\/die-schulhelfer.de\/wp-content\/uploads\/2023\/10\/iStock-1413600876.jpg 1800w, https:\/\/die-schulhelfer.de\/wp-content\/uploads\/2023\/10\/iStock-1413600876-300x200.jpg 300w, https:\/\/die-schulhelfer.de\/wp-content\/uploads\/2023\/10\/iStock-1413600876-1024x683.jpg 1024w, https:\/\/die-schulhelfer.de\/wp-content\/uploads\/2023\/10\/iStock-1413600876-768x512.jpg 768w, https:\/\/die-schulhelfer.de\/wp-content\/uploads\/2023\/10\/iStock-1413600876-1536x1024.jpg 1536w\" sizes=\"auto, (max-width: 1800px) 100vw, 1800px\" width=\"1800\" height=\"1200\" alt=\"Apoyo escolar a los profesores\"\/>\n\n\n\n<div class=\"div-c27e6be\">\n<div class=\"div-cdaefd6\">\n<div class=\"div-c3c9ef2\"><\/div>\n\n\n\n<div class=\"div-ce9b620 div-c3c9ef2\"><\/div>\n<\/div>\n<\/div>\n<\/div>\n<\/div>\n<\/div>\n<\/section>\n\n\n\n<section class=\"section-c09cc55 cc-sct\">\n<div class=\"cc-cntr\">\n<h2 class=\"heading-cce28ae\">El proceso de solicitud escolar, individual y privada, <br>La orientaci\u00f3n para los estudios y la carrera profesional es la siguiente:  <\/h2>\n\n\n\n<p><br>Si tiene alguna pregunta o necesita ayuda con su solicitud, no dude en ponerse en contacto con nosotros directamente para que podamos empezar juntos.<\/p>\n\n\n\n<div class=\"list-ca2bd6c\"><ol><li><strong>Consulta inicial<\/strong> con la instituci\u00f3n: En primer lugar, debe mantenerse una conversaci\u00f3n inicial abierta con la instituci\u00f3n educativa deseada. Si lo desea, podemos ayudarle en esta tarea.<br><\/li><li><strong>Aplicaci\u00f3n<\/strong>La solicitud correspondiente debe presentarse a la organizaci\u00f3n de financiaci\u00f3n responsable, la oficina de distrito o de asistencia a la juventud. <strong>Solicitudes de financiaci\u00f3n para restricciones mentales<\/strong> (por ejemplo, TDAH, TDA, trastorno del espectro autista, falta de concentraci\u00f3n) deben presentarse en la oficina de asistencia a la juventud competente, donde encontrar\u00e1 la organizaci\u00f3n responsable en caso de que lo sea la Oficina de Asistencia a la Juventud de la ciudad de M\u00fanich. Todas las solicitudes est\u00e1n tambi\u00e9n disponibles en las oficinas respectivas. <strong>Solicitudes de financiaci\u00f3n por discapacidad f\u00edsica y\/o ps\u00edquica<\/strong> debe presentarse al distrito responsable.\u00a0<br><\/li><li><strong>Evaluaci\u00f3n de las necesidades<\/strong>El organismo de financiaci\u00f3n examinar\u00e1 su solicitud, el informe m\u00e9dico y la declaraci\u00f3n del centro de formaci\u00f3n. Suele tardar entre tres y seis semanas. Ten en cuenta este plazo, sobre todo si es tu primera solicitud y se acerca el curso escolar.<br><\/li><li><strong>Decisi\u00f3n<\/strong> El padrino decide el alcance de la autorizaci\u00f3n en funci\u00f3n del horario y de las necesidades individuales de su hijo.<br><\/li><li><strong>Transmisi\u00f3n<\/strong> la autorizaci\u00f3n\/selecci\u00f3n del acompa\u00f1ante escolar: la decisi\u00f3n del organismo financiador nos llega directamente a nosotros y se transfiere la responsabilidad sobre el acompa\u00f1ante. Junto con usted, seleccionaremos un acompa\u00f1ante adecuado para su hijo. Se realiza una preselecci\u00f3n basada en criterios emocionales y espec\u00edficos de la asignatura. Tendr\u00e1 la oportunidad de conocer a la persona seleccionada en una reuni\u00f3n personal. En cuanto se haya decidido por nosotros y por el acompa\u00f1ante, nos pondremos en contacto con el centro educativo y comenzaremos el acompa\u00f1amiento lo antes posible.<br><\/li><li><strong>Asistencia y preguntas<\/strong>Estaremos encantados de responder a cualquier pregunta que pueda tener sobre el proceso de selecci\u00f3n y solicitud. El requisito previo para nuestra oferta de ayuda es la aprobaci\u00f3n de un organismo p\u00fablico responsable de la ayuda a la integraci\u00f3n.<\/li><\/ol><\/div>\n<\/div>\n<\/section>\n\n\n\n<section class=\"section-c0ad883 section-c09cc55 cc-sct\">\n<div class=\"container-ca2c808 cc-cntr\">\n<div class=\"div-c540938\">\n<h2 class=\"heading-c9c5555\">P\u00f3ngase en contacto con nosotros <\/h2>\n\n\n\n<p class=\"paragraph-c443fb0\">Esperamos sus noticias.<\/p>\n\n\n\n<a class=\"button-c0b7f89 cc-btn\" href=\"https:\/\/die-schulhelfer.de\/es\/anfrage\/\">Formulario de solicitud<\/a>\n<\/div>\n<\/div>\n<\/section>","protected":false},"excerpt":{"rendered":"","protected":false},"author":1,"featured_media":0,"parent":0,"menu_order":0,"comment_status":"closed","ping_status":"closed","template":"","meta":{"_acf_changed":false,"footnotes":""},"class_list":["post-201","page","type-page","status-publish","hentry"],"acf":[],"_links":{"self":[{"href":"https:\/\/die-schulhelfer.de\/es\/wp-json\/wp\/v2\/pages\/201","targetHints":{"allow":["GET"]}}],"collection":[{"href":"https:\/\/die-schulhelfer.de\/es\/wp-json\/wp\/v2\/pages"}],"about":[{"href":"https:\/\/die-schulhelfer.de\/es\/wp-json\/wp\/v2\/types\/page"}],"author":[{"embeddable":true,"href":"https:\/\/die-schulhelfer.de\/es\/wp-json\/wp\/v2\/users\/1"}],"replies":[{"embeddable":true,"href":"https:\/\/die-schulhelfer.de\/es\/wp-json\/wp\/v2\/comments?post=201"}],"version-history":[{"count":48,"href":"https:\/\/die-schulhelfer.de\/es\/wp-json\/wp\/v2\/pages\/201\/revisions"}],"predecessor-version":[{"id":527,"href":"https:\/\/die-schulhelfer.de\/es\/wp-json\/wp\/v2\/pages\/201\/revisions\/527"}],"wp:attachment":[{"href":"https:\/\/die-schulhelfer.de\/es\/wp-json\/wp\/v2\/media?parent=201"}],"curies":[{"name":"wp","href":"https:\/\/api.w.org\/{rel}","templated":true}]}}